{"id":10913,"date":"2024-11-01T11:49:39","date_gmt":"2024-11-01T10:49:39","guid":{"rendered":"https:\/\/7muaythai.com\/muay-thai-quiz\/"},"modified":"2024-11-02T18:05:30","modified_gmt":"2024-11-02T17:05:30","slug":"descubre-su-nivel-de-muay-thai","status":"publish","type":"page","link":"https:\/\/7muaythai.com\/es\/descubre-su-nivel-de-muay-thai\/","title":{"rendered":"Descubre su nivel de Muay Thai"},"content":{"rendered":"\t\t<div data-elementor-type=\"wp-page\" data-elementor-id=\"10913\" class=\"elementor elementor-10913 elementor-10873\">\n\t\t\t\t\t\t<section class=\"elementor-section elementor-top-section elementor-element elementor-element-827862d elementor-section-stretched elementor-section-full_width elementor-section-height-min-height scheme_7mt_dark elementor-section-items-stretch elementor-section-content-middle elementor-section-height-default\" data-id=\"827862d\" data-element_type=\"section\" data-e-type=\"section\" data-settings=\"{&quot;stretch_section&quot;:&quot;section-stretched&quot;,&quot;background_background&quot;:&quot;classic&quot;}\">\n\t\t\t\t\t\t\t<div class=\"elementor-background-overlay\"><\/div>\n\t\t\t\t\t\t\t<div class=\"elementor-container elementor-column-gap-default\">\n\t\t\t\t\t<div class=\"elementor-column elementor-col-100 elementor-top-column elementor-element elementor-element-4d750a8 sc_inner_width_none sc_layouts_column_icons_position_left\" data-id=\"4d750a8\" data-element_type=\"column\" data-e-type=\"column\">\n\t\t\t<div class=\"elementor-widget-wrap elementor-element-populated\">\n\t\t\t\t\t\t<div class=\"elementor-element elementor-element-51dd962 sc_fly_static elementor-widget elementor-widget-heading\" data-id=\"51dd962\" data-element_type=\"widget\" data-e-type=\"widget\" data-widget_type=\"heading.default\">\n\t\t\t\t<div class=\"elementor-widget-container\">\n\t\t\t\t\t<span class=\"elementor-heading-title elementor-size-default\">Muay Thai Quiz<\/span>\t\t\t\t<\/div>\n\t\t\t\t<\/div>\n\t\t\t\t<div class=\"elementor-element elementor-element-bf2a1ce sc_fly_static elementor-widget elementor-widget-trx_sc_layouts_title\" data-id=\"bf2a1ce\" data-element_type=\"widget\" data-e-type=\"widget\" data-widget_type=\"trx_sc_layouts_title.default\">\n\t\t\t\t<div class=\"elementor-widget-container\">\n\t\t\t\t\t<div id=\"trx_sc_layouts_title_75279590\" class=\"sc_layouts_title sc_align_center with_content without_image without_tint\"><div class=\"sc_layouts_title_content\"><div class=\"sc_layouts_title_title\">\t\t\t\t\t\t\t<h1 itemprop=\"headline\" class=\"sc_layouts_title_caption\">Descubre su nivel de Muay Thai<\/h1>\n\t\t\t\t\t\t\t<\/div><\/div><!-- .sc_layouts_title_content --><\/div><!-- \/.sc_layouts_title -->\t\t\t\t<\/div>\n\t\t\t\t<\/div>\n\t\t\t\t\t<\/div>\n\t\t<\/div>\n\t\t\t\t\t<\/div>\n\t\t<\/section>\n\t\t\t\t<section class=\"elementor-section elementor-top-section elementor-element elementor-element-c9c06ee elementor-section-boxed elementor-section-height-default elementor-section-height-default\" data-id=\"c9c06ee\" data-element_type=\"section\" data-e-type=\"section\">\n\t\t\t\t\t\t<div class=\"elementor-container elementor-column-gap-extended\">\n\t\t\t\t\t<div class=\"elementor-column elementor-col-100 elementor-top-column elementor-element elementor-element-9da5917 scheme_7mt_default sc_inner_width_none sc_layouts_column_icons_position_left\" data-id=\"9da5917\" data-element_type=\"column\" data-e-type=\"column\">\n\t\t\t<div class=\"elementor-widget-wrap elementor-element-populated\">\n\t\t\t\t\t\t<div class=\"elementor-element elementor-element-adfc65d sc_fly_static elementor-widget elementor-widget-text-editor\" data-id=\"adfc65d\" data-element_type=\"widget\" data-e-type=\"widget\" data-widget_type=\"text-editor.default\">\n\t\t\t\t<div class=\"elementor-widget-container\">\n\t\t\t\t\t\t\t\t\t<p><strong>\u00bfTienes curiosidad por saber cu\u00e1l es tu nivel de Muay Thai?<br \/><\/strong>Nuestro test interactivo te gu\u00eda a trav\u00e9s de una serie de preguntas para evaluar tu experiencia y nivel de preparaci\u00f3n en Muay Thai.<\/p><p>Tanto si eres un principiante absoluto, un practicante ocasional o un atleta experimentado, este test te ofrecer\u00e1 un an\u00e1lisis personalizado de tu nivel actual, con consejos para mejorar. Al final del test, podr\u00e1s recibir una propuesta de entrenamiento personalizada para alcanzar tus objetivos en nuestro campamento de Muay Thai en Tailandia.<\/p>\t\t\t\t\t\t\t\t<\/div>\n\t\t\t\t<\/div>\n\t\t\t\t<div class=\"elementor-element elementor-element-5c9b5f5 sc_fly_static elementor-widget elementor-widget-shortcode\" data-id=\"5c9b5f5\" data-element_type=\"widget\" data-e-type=\"widget\" data-widget_type=\"shortcode.default\">\n\t\t\t\t<div class=\"elementor-widget-container\">\n\t\t\t\t\t\t\t<div class=\"elementor-shortcode\">\n<div class=\"wpcf7 no-js\" id=\"wpcf7-f10872-o1\" lang=\"es-ES\" dir=\"ltr\" data-wpcf7-id=\"10872\">\n<div class=\"screen-reader-response\"><p role=\"status\" aria-live=\"polite\" aria-atomic=\"true\"><\/p> <ul><\/ul><\/div>\n<form action=\"\/es\/wp-json\/wp\/v2\/pages\/10913#wpcf7-f10872-o1\" method=\"post\" class=\"wpcf7-form init\" aria-label=\"Formulario de contacto\" novalidate=\"novalidate\" data-status=\"init\">\n<div style=\"display: none;\">\n<input type=\"hidden\" name=\"_wpcf7\" value=\"10872\" \/>\n<input type=\"hidden\" name=\"_wpcf7_version\" value=\"6.0.6\" \/>\n<input type=\"hidden\" name=\"_wpcf7_locale\" value=\"es_ES\" \/>\n<input type=\"hidden\" name=\"_wpcf7_unit_tag\" value=\"wpcf7-f10872-o1\" \/>\n<input type=\"hidden\" name=\"_wpcf7_container_post\" value=\"0\" \/>\n<input type=\"hidden\" name=\"_wpcf7_posted_data_hash\" value=\"\" \/>\n<input type=\"hidden\" name=\"_wpcf7_recaptcha_response\" value=\"\" \/>\n<\/div>\n<style>\n.wpcf7 div.wpcf7-response-output {\n margin: 0;\n padding: 1.25rem;\n font-size: 1.125rem;\n font-weight: 700;\n color: #16120f;\n}\n\n.wpcf7 form.spam .wpcf7-response-output,\nform.invalid .wpcf7-response-output {\n border: 0;\n background-color: #a00;\n color: #fff;\n}\n\n.wpcf7 form.sent .wpcf7-response-output {\n border: 0;\n background-color: #7ad03a;\n color: #fff;\n}\n\ninput[type=\"radio\"]:checked + .wpcf7-list-item-label:before {\n color: #e86f03;\n}\n\n.wpcf7 textarea.wpcf7-form-control {\n height: 12rem;\n margin-block-start: 1rem;\n}\n\n.survey-form {\n display: grid;\n background-color: #fff;\n\n > div {\n padding: 1.25rem;\n\n > p > label {\n color: #16120f;\n font-weight: 700;\n }\n }\n}\n\n.survey-send {\n background-color: #f4f4f4;\n\n > p label {\n font-size: 1.125rem;\n }\n\n > div > p {\n display: flex;\n gap: 1rem;\n\n @media (max-width: 37.5rem) {\n flex-direction: column;\n }\n\n span[data-name=\"your-email\"] {\n flex: 1;\n input[type=\"email\"] {\n background-color: #fff !important;\n }\n }\n }\n}\n\n#experience,\n#time-length,\n#objectives,\n#time-training {\n display: grid;\n gap: 0.3125rem;\n margin-block-start: 1rem;\n}\n<\/style>\n<div class=\"survey-form\">\n\t<div>\n\t\t<p><label for=\"experience\">\u00bfCu\u00e1l es tu nivel de experiencia en Muay Thai?<\/label><br \/>\n<span class=\"wpcf7-form-control-wrap\" data-name=\"experience\"><span class=\"wpcf7-form-control wpcf7-radio survey\" id=\"experience\"><span class=\"wpcf7-list-item first\"><label><input type=\"radio\" name=\"experience\" value=\"Ninguna, soy un principiante absoluto\" checked=\"checked\" \/><span class=\"wpcf7-list-item-label\">Ninguna, soy un principiante absoluto<\/span><\/label><\/span><span class=\"wpcf7-list-item\"><label><input type=\"radio\" name=\"experience\" value=\"He entrenado un poco, pero no me considero experimentado\" \/><span class=\"wpcf7-list-item-label\">He entrenado un poco, pero no me considero experimentado<\/span><\/label><\/span><span class=\"wpcf7-list-item\"><label><input type=\"radio\" name=\"experience\" value=\"Tengo experiencia intermedia y\/o he participado en algunas peleas\" \/><span class=\"wpcf7-list-item-label\">Tengo experiencia intermedia y\/o he participado en algunas peleas<\/span><\/label><\/span><span class=\"wpcf7-list-item last\"><label><input type=\"radio\" name=\"experience\" value=\"Soy un luchador avanzado con habilidades expertas\" \/><span class=\"wpcf7-list-item-label\">Soy un luchador avanzado con habilidades expertas<\/span><\/label><\/span><\/span><\/span>\n\t\t<\/p>\n\t<\/div>\n\t<div>\n\t\t<p><label for=\"time-length\">\u00bfCu\u00e1ntas sesiones de entrenamiento de Muay Thai haces a la semana?<\/label><br \/>\n<span class=\"wpcf7-form-control-wrap\" data-name=\"time-length\"><span class=\"wpcf7-form-control wpcf7-radio survey\" id=\"time-length\"><span class=\"wpcf7-list-item first\"><label><input type=\"radio\" name=\"time-length\" value=\"Todav\u00eda no he comenzado, pero quiero entrenar en Tailandia\" checked=\"checked\" \/><span class=\"wpcf7-list-item-label\">Todav\u00eda no he comenzado, pero quiero entrenar en Tailandia<\/span><\/label><\/span><span class=\"wpcf7-list-item\"><label><input type=\"radio\" name=\"time-length\" value=\"1-2 sesiones, quiero mejorar mi rutina\" \/><span class=\"wpcf7-list-item-label\">1-2 sesiones, quiero mejorar mi rutina<\/span><\/label><\/span><span class=\"wpcf7-list-item\"><label><input type=\"radio\" name=\"time-length\" value=\"3-4 sesiones, entreno regularmente y quiero progresar\" \/><span class=\"wpcf7-list-item-label\">3-4 sesiones, entreno regularmente y quiero progresar<\/span><\/label><\/span><span class=\"wpcf7-list-item last\"><label><input type=\"radio\" name=\"time-length\" value=\"5 o m\u00e1s sesiones, estoy comprometido con un programa avanzado de Muay Thai\" \/><span class=\"wpcf7-list-item-label\">5 o m\u00e1s sesiones, estoy comprometido con un programa avanzado de Muay Thai<\/span><\/label><\/span><\/span><\/span>\n\t\t<\/p>\n\t<\/div>\n\t<div>\n\t\t<p><label for=\"objectives\">\u00bfCu\u00e1les son tus principales objetivos?<\/label><br \/>\n<span class=\"wpcf7-form-control-wrap\" data-name=\"objectives\"><span class=\"wpcf7-form-control wpcf7-radio survey\" id=\"objectives\"><span class=\"wpcf7-list-item first\"><label><input type=\"radio\" name=\"objectives\" value=\"Mejorar la forma f\u00edsica y perder peso\" checked=\"checked\" \/><span class=\"wpcf7-list-item-label\">Mejorar la forma f\u00edsica y perder peso<\/span><\/label><\/span><span class=\"wpcf7-list-item\"><label><input type=\"radio\" name=\"objectives\" value=\"Aprender t\u00e9cnicas b\u00e1sicas de Muay Thai por diversi\u00f3n y bienestar personal\" \/><span class=\"wpcf7-list-item-label\">Aprender t\u00e9cnicas b\u00e1sicas de Muay Thai por diversi\u00f3n y bienestar personal<\/span><\/label><\/span><span class=\"wpcf7-list-item\"><label><input type=\"radio\" name=\"objectives\" value=\"Avanzar en mis habilidades de Muay Thai y aprender nuevas t\u00e1cticas para futuras peleas\" \/><span class=\"wpcf7-list-item-label\">Avanzar en mis habilidades de Muay Thai y aprender nuevas t\u00e1cticas para futuras peleas<\/span><\/label><\/span><span class=\"wpcf7-list-item last\"><label><input type=\"radio\" name=\"objectives\" value=\"Convertirme en un luchador profesional de Muay Thai (Nak Muay)\" \/><span class=\"wpcf7-list-item-label\">Convertirme en un luchador profesional de Muay Thai (Nak Muay)<\/span><\/label><\/span><\/span><\/span>\n\t\t<\/p>\n\t<\/div>\n\t<div>\n\t\t<p><label for=\"time-training\">\u00bfCu\u00e1nto tiempo puedes dedicar al entrenamiento en Tailandia?<\/label><br \/>\n<span class=\"wpcf7-form-control-wrap\" data-name=\"time-training\"><span class=\"wpcf7-form-control wpcf7-radio survey\" id=\"time-training\"><span class=\"wpcf7-list-item first\"><label><input type=\"radio\" name=\"time-training\" value=\"1-2 semanas para una experiencia introductoria de Muay Thai y para explorar Tailandia\" checked=\"checked\" \/><span class=\"wpcf7-list-item-label\">1-2 semanas para una experiencia introductoria de Muay Thai y para explorar Tailandia<\/span><\/label><\/span><span class=\"wpcf7-list-item\"><label><input type=\"radio\" name=\"time-training\" value=\"1 mes para aprender t\u00e9cnicas b\u00e1sicas y mejorar la resistencia\" \/><span class=\"wpcf7-list-item-label\">1 mes para aprender t\u00e9cnicas b\u00e1sicas y mejorar la resistencia<\/span><\/label><\/span><span class=\"wpcf7-list-item\"><label><input type=\"radio\" name=\"time-training\" value=\"2-3 meses para sesiones intensivas de Muay Thai y sparring\" \/><span class=\"wpcf7-list-item-label\">2-3 meses para sesiones intensivas de Muay Thai y sparring<\/span><\/label><\/span><span class=\"wpcf7-list-item last\"><label><input type=\"radio\" name=\"time-training\" value=\"M\u00e1s de 3 meses para un programa avanzado y competencias (posiblemente en Tailandia)\" \/><span class=\"wpcf7-list-item-label\">M\u00e1s de 3 meses para un programa avanzado y competencias (posiblemente en Tailandia)<\/span><\/label><\/span><\/span><\/span>\n\t\t<\/p>\n\t<\/div>\n\t<div for=\"more-info\">\n\t\t<p><label>Informaci\u00f3n adicional<\/label><br \/>\n<span class=\"wpcf7-form-control-wrap\" data-name=\"more-info\"><textarea cols=\"40\" rows=\"10\" maxlength=\"2000\" class=\"wpcf7-form-control wpcf7-textarea\" id=\"more-info\" aria-invalid=\"false\" name=\"more-info\"><\/textarea><\/span>\n\t\t<\/p>\n\t<\/div>\n\t<div class=\"survey-send\">\n\t\t<p><label for=\"your-email\">\u00a1Ingresa tu correo electr\u00f3nico para recibir tu nivel de Muay Thai y un plan de entrenamiento personalizado para tu estad\u00eda!<\/label>\n\t\t<\/p>\n\t\t<div>\n\t\t\t<p><span class=\"wpcf7-form-control-wrap\" data-name=\"your-email\"><input size=\"40\" maxlength=\"400\" class=\"wpcf7-form-control wpcf7-email wpcf7-validates-as-required wpcf7-text wpcf7-validates-as-email\" id=\"your-email\" autocomplete=\"email\" aria-required=\"true\" aria-invalid=\"false\" value=\"\" type=\"email\" name=\"your-email\" \/><\/span><input class=\"wpcf7-form-control wpcf7-submit has-spinner\" type=\"submit\" value=\"Completar y Enviar!\" \/>\n\t\t\t<\/p>\n\t\t<\/div>\n\t<\/div>\n<\/div><p style=\"display: none !important;\" class=\"akismet-fields-container\" data-prefix=\"_wpcf7_ak_\"><label>&#916;<textarea name=\"_wpcf7_ak_hp_textarea\" cols=\"45\" rows=\"8\" maxlength=\"100\"><\/textarea><\/label><input type=\"hidden\" id=\"ak_js_1\" name=\"_wpcf7_ak_js\" value=\"60\"\/><script type=\"text\/javascript\">\n\/* <![CDATA[ *\/\ndocument.getElementById( \"ak_js_1\" ).setAttribute( \"value\", ( new Date() ).getTime() );\n\/* ]]> *\/\n<\/script>\n<\/p><div class=\"wpcf7-response-output\" aria-hidden=\"true\"><\/div>\n<\/form>\n<\/div>\n<\/div>\n\t\t\t\t\t\t<\/div>\n\t\t\t\t<\/div>\n\t\t\t\t<div class=\"elementor-element elementor-element-efbef7f sc_fly_static elementor-widget elementor-widget-text-editor\" data-id=\"efbef7f\" data-element_type=\"widget\" data-e-type=\"widget\" data-widget_type=\"text-editor.default\">\n\t\t\t\t<div class=\"elementor-widget-container\">\n\t\t\t\t\t\t\t\t\tEn nuestro campamento de 7 Muay Thai Gym, ofrecemos varios programas estructurados para satisfacer las necesidades de los practicantes de cualquier nivel. Ya sea que est\u00e9s empezando o seas un luchador experimentado, tenemos un programa de entrenamiento dise\u00f1ado a tu medida.\t\t\t\t\t\t\t\t<\/div>\n\t\t\t\t<\/div>\n\t\t\t\t<div class=\"elementor-element elementor-element-4350871 elementor-list-item-link-full_width sc_fly_static elementor-widget elementor-widget-icon-list\" data-id=\"4350871\" data-element_type=\"widget\" data-e-type=\"widget\" data-widget_type=\"icon-list.default\">\n\t\t\t\t<div class=\"elementor-widget-container\">\n\t\t\t\t\t\t\t<ul class=\"elementor-icon-list-items\">\n\t\t\t\t\t\t\t<li class=\"elementor-icon-list-item\">\n\t\t\t\t\t\t\t\t\t\t\t<span class=\"elementor-icon-list-icon\">\n\t\t\t\t\t\t\t<i aria-hidden=\"true\" class=\"fas fa-circle\"><\/i>\t\t\t\t\t\t<\/span>\n\t\t\t\t\t\t\t\t\t\t<span class=\"elementor-icon-list-text\"><strong>Novato<\/strong>: indicado para aquellas personas que no tienen experiencia en Muay Thai ni entrenamiento regular. Aqu\u00ed te ense\u00f1aremos los fundamentos y t\u00e9cnicas b\u00e1sicas.<\/span>\n\t\t\t\t\t\t\t\t\t<\/li>\n\t\t\t\t\t\t\t\t<li class=\"elementor-icon-list-item\">\n\t\t\t\t\t\t\t\t\t\t\t<span class=\"elementor-icon-list-icon\">\n\t\t\t\t\t\t\t<i aria-hidden=\"true\" class=\"fas fa-circle\"><\/i>\t\t\t\t\t\t<\/span>\n\t\t\t\t\t\t\t\t\t\t<span class=\"elementor-icon-list-text\"><strong>Principiante<\/strong>: perfecto para aquellos con un m\u00ednimo de conocimientos de boxeo o kickboxing y que quieran seguir mejorando.<\/span>\n\t\t\t\t\t\t\t\t\t<\/li>\n\t\t\t\t\t\t\t\t<li class=\"elementor-icon-list-item\">\n\t\t\t\t\t\t\t\t\t\t\t<span class=\"elementor-icon-list-icon\">\n\t\t\t\t\t\t\t<i aria-hidden=\"true\" class=\"fas fa-circle\"><\/i>\t\t\t\t\t\t<\/span>\n\t\t\t\t\t\t\t\t\t\t<span class=\"elementor-icon-list-text\"><strong>Amateur<\/strong>: para aquellos que entrenan regularmente deportes de combate y quieren perfeccionar sus habilidades t\u00e9cnicas.<\/span>\n\t\t\t\t\t\t\t\t\t<\/li>\n\t\t\t\t\t\t\t\t<li class=\"elementor-icon-list-item\">\n\t\t\t\t\t\t\t\t\t\t\t<span class=\"elementor-icon-list-icon\">\n\t\t\t\t\t\t\t<i aria-hidden=\"true\" class=\"fas fa-circle\"><\/i>\t\t\t\t\t\t<\/span>\n\t\t\t\t\t\t\t\t\t\t<span class=\"elementor-icon-list-text\"><strong>Avanzado<\/strong>: un programa intensivo para atletas experimentados que buscan perfeccionar las estrategias de lucha y prepararse para las competiciones.<\/span>\n\t\t\t\t\t\t\t\t\t<\/li>\n\t\t\t\t\t\t<\/ul>\n\t\t\t\t\t\t<\/div>\n\t\t\t\t<\/div>\n\t\t\t\t<div class=\"elementor-element elementor-element-f9389c2 animated-slow sc_fly_static elementor-widget elementor-widget-trx_sc_services\" data-id=\"f9389c2\" data-element_type=\"widget\" data-e-type=\"widget\" data-settings=\"{&quot;_animation&quot;:&quot;none&quot;,&quot;_animation_delay&quot;:300}\" data-widget_type=\"trx_sc_services.default\">\n\t\t\t\t<div class=\"elementor-widget-container\">\n\t\t\t\t\t<div id=\"trx_sc_services_2100499898\" class=\"sc_services sc_services_hover sc_services_featured_top\"><div class=\"sc_services_columns_wrap sc_item_columns sc_item_posts_container sc_item_columns_4 trx_addons_columns_wrap columns_padding_bottom\"><div class=\"trx_addons_column-1_4 \"><div class=\"sc_services_item no_links with_content with_image sc_services_item_featured_none post-9601 cpt_services type-cpt_services status-publish has-post-thumbnail hentry cpt_services_group-levels\">\n    <div class=\"sc_services_item_header \" style=\"background-image: url(https:\/\/7muaythai.com\/wp-content\/uploads\/2018\/05\/Novice-OK-min-765x507.jpg);\">\n        <div class=\"sc_services_item_header_inner\">\n                        <h2 class=\"sc_services_item_title\"><a href=\"https:\/\/7muaythai.com\/es\/services\/novicio\/\">novicio<\/a><\/h2>\n            <a href=\"https:\/\/7muaythai.com\/es\/services\/novicio\/\" class=\"sc_button sc_button_default sc_button_simple sc_button_icon_left\">read more<\/a>\n            <\/div><a class=\"sc_services_item_link\" href=\"https:\/\/7muaythai.com\/es\/services\/novicio\/\"><\/a><\/div>\n    <\/div><\/div><div class=\"trx_addons_column-1_4 \"><div class=\"sc_services_item no_links with_content with_image sc_services_item_featured_none post-9598 cpt_services type-cpt_services status-publish has-post-thumbnail hentry cpt_services_group-levels\">\n    <div class=\"sc_services_item_header \" style=\"background-image: url(https:\/\/7muaythai.com\/wp-content\/uploads\/2020\/05\/Beginner-765x507.jpg);\">\n        <div class=\"sc_services_item_header_inner\">\n                        <h2 class=\"sc_services_item_title\"><a href=\"https:\/\/7muaythai.com\/es\/services\/principiante\/\">PRINCIPIANTE<\/a><\/h2>\n            <a href=\"https:\/\/7muaythai.com\/es\/services\/principiante\/\" class=\"sc_button sc_button_default sc_button_simple sc_button_icon_left\">read more<\/a>\n            <\/div><a class=\"sc_services_item_link\" href=\"https:\/\/7muaythai.com\/es\/services\/principiante\/\"><\/a><\/div>\n    <\/div><\/div><div class=\"trx_addons_column-1_4 \"><div class=\"sc_services_item no_links with_content with_image sc_services_item_featured_none post-9595 cpt_services type-cpt_services status-publish has-post-thumbnail hentry cpt_services_group-levels\">\n    <div class=\"sc_services_item_header \" style=\"background-image: url(https:\/\/7muaythai.com\/wp-content\/uploads\/2020\/05\/Amateur-765x507.jpg);\">\n        <div class=\"sc_services_item_header_inner\">\n                        <h2 class=\"sc_services_item_title\"><a href=\"https:\/\/7muaythai.com\/es\/services\/amateur\/\">Amateur<\/a><\/h2>\n            <a href=\"https:\/\/7muaythai.com\/es\/services\/amateur\/\" class=\"sc_button sc_button_default sc_button_simple sc_button_icon_left\">read more<\/a>\n            <\/div><a class=\"sc_services_item_link\" href=\"https:\/\/7muaythai.com\/es\/services\/amateur\/\"><\/a><\/div>\n    <\/div><\/div><div class=\"trx_addons_column-1_4 \"><div class=\"sc_services_item no_links with_content with_image sc_services_item_featured_none post-9592 cpt_services type-cpt_services status-publish has-post-thumbnail hentry cpt_services_group-levels\">\n    <div class=\"sc_services_item_header \" style=\"background-image: url(https:\/\/7muaythai.com\/wp-content\/uploads\/2021\/04\/Advanced-training-Muay-Thai-765x506.jpg);\">\n        <div class=\"sc_services_item_header_inner\">\n                        <h2 class=\"sc_services_item_title\"><a href=\"https:\/\/7muaythai.com\/es\/services\/avanzado\/\">AVANZADO<\/a><\/h2>\n            <a href=\"https:\/\/7muaythai.com\/es\/services\/avanzado\/\" class=\"sc_button sc_button_default sc_button_simple sc_button_icon_left\">read more<\/a>\n            <\/div><a class=\"sc_services_item_link\" href=\"https:\/\/7muaythai.com\/es\/services\/avanzado\/\"><\/a><\/div>\n    <\/div><\/div><\/div><\/div><!-- \/.sc_services -->\t\t\t\t<\/div>\n\t\t\t\t<\/div>\n\t\t\t\t<div class=\"elementor-element elementor-element-acc001a sc_fly_static elementor-widget elementor-widget-text-editor\" data-id=\"acc001a\" data-element_type=\"widget\" data-e-type=\"widget\" data-settings=\"{&quot;_animation&quot;:&quot;none&quot;}\" data-widget_type=\"text-editor.default\">\n\t\t\t\t<div class=\"elementor-widget-container\">\n\t\t\t\t\t\t\t\t\t<p>Independientemente de tu nivel actual, estamos preparados para crear un curso de entrenamiento personalizado que te ayude a progresar en Muay Thai y alcanzar tus objetivos.<\/p><p><strong>\u00a1Cont\u00e1ctanos para obtener m\u00e1s informaci\u00f3n sobre uno de nuestros programas o recibir una cotizaci\u00f3n personalizada!<\/strong><\/p>\t\t\t\t\t\t\t\t<\/div>\n\t\t\t\t<\/div>\n\t\t\t\t\t<\/div>\n\t\t<\/div>\n\t\t\t\t\t<\/div>\n\t\t<\/section>\n\t\t\t\t<\/div>\n\t\t","protected":false},"excerpt":{"rendered":"<p>Muay Thai Quiz Descubre su nivel de Muay Thai \u00bfTienes curiosidad por saber cu\u00e1l es tu nivel de Muay Thai?Nuestro test interactivo te&hellip;<\/p>\n","protected":false},"author":990002,"featured_media":0,"parent":0,"menu_order":0,"comment_status":"closed","ping_status":"closed","template":"elementor_header_footer","meta":{"_seopress_robots_primary_cat":"","_seopress_titles_title":"","_seopress_titles_desc":"","_seopress_robots_index":"","_joinchat":[],"footnotes":""},"class_list":["post-10913","page","type-page","status-publish","hentry"],"_links":{"self":[{"href":"https:\/\/7muaythai.com\/es\/wp-json\/wp\/v2\/pages\/10913"}],"collection":[{"href":"https:\/\/7muaythai.com\/es\/wp-json\/wp\/v2\/pages"}],"about":[{"href":"https:\/\/7muaythai.com\/es\/wp-json\/wp\/v2\/types\/page"}],"author":[{"embeddable":true,"href":"https:\/\/7muaythai.com\/es\/wp-json\/wp\/v2\/users\/990002"}],"replies":[{"embeddable":true,"href":"https:\/\/7muaythai.com\/es\/wp-json\/wp\/v2\/comments?post=10913"}],"version-history":[{"count":49,"href":"https:\/\/7muaythai.com\/es\/wp-json\/wp\/v2\/pages\/10913\/revisions"}],"predecessor-version":[{"id":11085,"href":"https:\/\/7muaythai.com\/es\/wp-json\/wp\/v2\/pages\/10913\/revisions\/11085"}],"wp:attachment":[{"href":"https:\/\/7muaythai.com\/es\/wp-json\/wp\/v2\/media?parent=10913"}],"curies":[{"name":"wp","href":"https:\/\/api.w.org\/{rel}","templated":true}]}}