{"id":9189,"date":"2021-05-29T08:14:19","date_gmt":"2021-05-29T06:14:19","guid":{"rendered":"https:\/\/7muaythai.com\/comida-italiana\/"},"modified":"2021-06-03T07:16:40","modified_gmt":"2021-06-03T05:16:40","slug":"comida-italiana","status":"publish","type":"page","link":"https:\/\/7muaythai.com\/es\/comida-italiana\/","title":{"rendered":"Comida italiana"},"content":{"rendered":"\t\t<div data-elementor-type=\"wp-page\" data-elementor-id=\"9189\" class=\"elementor elementor-9189 elementor-3346\">\n\t\t\t\t\t\t<section class=\"elementor-section elementor-top-section elementor-element elementor-element-71313157 elementor-section-stretched elementor-section-full_width elementor-section-height-min-height scheme_7mt_dark elementor-section-height-default elementor-section-items-middle\" data-id=\"71313157\" data-element_type=\"section\" data-e-type=\"section\" data-settings=\"{&quot;stretch_section&quot;:&quot;section-stretched&quot;,&quot;background_background&quot;:&quot;classic&quot;}\">\n\t\t\t\t\t\t\t<div class=\"elementor-background-overlay\"><\/div>\n\t\t\t\t\t\t\t<div class=\"elementor-container elementor-column-gap-no\">\n\t\t\t\t\t<div class=\"elementor-column elementor-col-100 elementor-top-column elementor-element elementor-element-e9c5106 sc_inner_width_none sc_layouts_column_icons_position_left\" data-id=\"e9c5106\" data-element_type=\"column\" data-e-type=\"column\">\n\t\t\t<div class=\"elementor-widget-wrap elementor-element-populated\">\n\t\t\t\t\t\t<div class=\"elementor-element elementor-element-33abdbfb sc_fly_static elementor-widget elementor-widget-trx_sc_layouts_title\" data-id=\"33abdbfb\" data-element_type=\"widget\" data-e-type=\"widget\" data-widget_type=\"trx_sc_layouts_title.default\">\n\t\t\t\t<div class=\"elementor-widget-container\">\n\t\t\t\t\t<div id=\"trx_sc_layouts_title_1909040065\" class=\"sc_layouts_title sc_align_center with_content without_image without_tint\"><div class=\"sc_layouts_title_content\"><div class=\"sc_layouts_title_title\">\t\t\t\t\t\t\t<h1 itemprop=\"headline\" class=\"sc_layouts_title_caption\">Comida italiana<\/h1>\n\t\t\t\t\t\t\t<\/div><div class=\"sc_layouts_title_breadcrumbs\"><div class=\"breadcrumbs\"><a class=\"breadcrumbs_item home\" href=\"https:\/\/7muaythai.com\/es\/\">Home<\/a><span class=\"breadcrumbs_delimiter\"><\/span><span class=\"breadcrumbs_item current\">Comida italiana<\/span><\/div><\/div><\/div><!-- .sc_layouts_title_content --><\/div><!-- \/.sc_layouts_title -->\t\t\t\t<\/div>\n\t\t\t\t<\/div>\n\t\t\t\t\t<\/div>\n\t\t<\/div>\n\t\t\t\t\t<\/div>\n\t\t<\/section>\n\t\t\t\t<main class=\"elementor-section elementor-top-section elementor-element elementor-element-205a907 elementor-section-stretched elementor-section-boxed elementor-section-height-default elementor-section-height-default\" data-id=\"205a907\" data-element_type=\"section\" data-e-type=\"section\" data-settings=\"{&quot;stretch_section&quot;:&quot;section-stretched&quot;}\">\n\t\t\t\t\t\t<div class=\"elementor-container elementor-column-gap-extended\">\n\t\t\t\t\t<div class=\"elementor-column elementor-col-50 elementor-top-column elementor-element elementor-element-e097639 sc_inner_width_none sc_layouts_column_icons_position_left\" data-id=\"e097639\" data-element_type=\"column\" data-e-type=\"column\">\n\t\t\t<div class=\"elementor-widget-wrap elementor-element-populated\">\n\t\t\t\t\t\t<div class=\"elementor-element elementor-element-16b8b0e elementor-arrows-position-inside sc_fly_static elementor-widget elementor-widget-image-carousel\" data-id=\"16b8b0e\" data-element_type=\"widget\" data-e-type=\"widget\" data-settings=\"{&quot;slides_to_show&quot;:&quot;1&quot;,&quot;navigation&quot;:&quot;arrows&quot;,&quot;autoplay&quot;:&quot;yes&quot;,&quot;pause_on_hover&quot;:&quot;yes&quot;,&quot;pause_on_interaction&quot;:&quot;yes&quot;,&quot;autoplay_speed&quot;:5000,&quot;infinite&quot;:&quot;yes&quot;,&quot;effect&quot;:&quot;slide&quot;,&quot;speed&quot;:500}\" data-widget_type=\"image-carousel.default\">\n\t\t\t\t<div class=\"elementor-widget-container\">\n\t\t\t\t\t\t\t<div class=\"elementor-image-carousel-wrapper swiper\" role=\"region\" aria-roledescription=\"carousel\" aria-label=\"Carrusel de im\u00e1genes\" dir=\"ltr\">\n\t\t\t<div class=\"elementor-image-carousel swiper-wrapper swiper-image-stretch\" aria-live=\"off\">\n\t\t\t\t\t\t\t\t<div class=\"swiper-slide\" role=\"group\" aria-roledescription=\"slide\" aria-label=\"1 de 3\"><figure class=\"swiper-slide-inner\"><img decoding=\"async\" class=\"swiper-slide-image\" src=\"https:\/\/7muaythai.com\/wp-content\/uploads\/2020\/06\/7-Muay-Thai-Gym-Italian-Food-768x768.jpg\" alt=\"cocina italiana 7 muay thai gym thailandia\" \/><\/figure><\/div><div class=\"swiper-slide\" role=\"group\" aria-roledescription=\"slide\" aria-label=\"2 de 3\"><figure class=\"swiper-slide-inner\"><img decoding=\"async\" class=\"swiper-slide-image\" src=\"https:\/\/7muaythai.com\/wp-content\/uploads\/2020\/09\/Clean-Healthy-Food-7MT-1-768x768.jpg\" alt=\"Clean Healthy Food 7MT\" \/><\/figure><\/div><div class=\"swiper-slide\" role=\"group\" aria-roledescription=\"slide\" aria-label=\"3 de 3\"><figure class=\"swiper-slide-inner\"><img decoding=\"async\" class=\"swiper-slide-image\" src=\"https:\/\/7muaythai.com\/wp-content\/uploads\/2020\/12\/Clean-Thai-food-7-Muay-Thai-Gym-768x768.jpg\" alt=\"comida limpia 7 Muay Thai Gym\" \/><\/figure><\/div>\t\t\t<\/div>\n\t\t\t\t\t\t\t\t\t\t\t\t<div class=\"elementor-swiper-button elementor-swiper-button-prev\" role=\"button\" tabindex=\"0\">\n\t\t\t\t\t\t<i aria-hidden=\"true\" class=\"eicon-chevron-left\"><\/i>\t\t\t\t\t<\/div>\n\t\t\t\t\t<div class=\"elementor-swiper-button elementor-swiper-button-next\" role=\"button\" tabindex=\"0\">\n\t\t\t\t\t\t<i aria-hidden=\"true\" class=\"eicon-chevron-right\"><\/i>\t\t\t\t\t<\/div>\n\t\t\t\t\n\t\t\t\t\t\t\t\t\t<\/div>\n\t\t\t\t\t\t<\/div>\n\t\t\t\t<\/div>\n\t\t\t\t\t<\/div>\n\t\t<\/div>\n\t\t\t\t<div class=\"elementor-column elementor-col-50 elementor-top-column elementor-element elementor-element-38c831f order-first sc_inner_width_none sc_layouts_column_icons_position_left\" data-id=\"38c831f\" data-element_type=\"column\" data-e-type=\"column\">\n\t\t\t<div class=\"elementor-widget-wrap elementor-element-populated\">\n\t\t\t\t\t\t<div class=\"elementor-element elementor-element-5c2f087 sc_fly_static elementor-widget elementor-widget-heading\" data-id=\"5c2f087\" data-element_type=\"widget\" data-e-type=\"widget\" data-widget_type=\"heading.default\">\n\t\t\t\t<div class=\"elementor-widget-container\">\n\t\t\t\t\t<h2 class=\"elementor-heading-title elementor-size-large\">Para entrenar mejor, necesita descansar c\u00f3modamente y comer bien.<\/h2>\t\t\t\t<\/div>\n\t\t\t\t<\/div>\n\t\t\t\t<div class=\"elementor-element elementor-element-d3c1101 sc_fly_static elementor-widget elementor-widget-text-editor\" data-id=\"d3c1101\" data-element_type=\"widget\" data-e-type=\"widget\" data-widget_type=\"text-editor.default\">\n\t\t\t\t<div class=\"elementor-widget-container\">\n\t\t\t\t\t\t\t\t\t<p>Los bungal\u00f3s se mezclan con la naturaleza y ofrecen todas las comodidades propias de un resort. A solo unos minutos del campamento, se encuentra una playa, la cual es un aut\u00e9ntico mundo inexplorado donde la naturaleza a\u00fan domina. La piscina dentro del campamento de Muay Thai es el lugar para relajarse despu\u00e9s de cada sesi\u00f3n de entrenamiento.<\/p><p>La <strong>comida tailandesa, combinada con la italiana<\/strong>, est\u00e1n estudiadas para proporcionar la <strong>cantidad adecuada de nutrientes<\/strong> en pro al entrenamiento diario, quemar grasas y desarrollar m\u00fasculos. Es una buena oportunidad para aquel que solo desea ponerse en forma o perder un poco de peso extra (consulte los art\u00edculos a continuaci\u00f3n para obtener m\u00e1s detalles).<\/p>\t\t\t\t\t\t\t\t<\/div>\n\t\t\t\t<\/div>\n\t\t\t\t\t<\/div>\n\t\t<\/div>\n\t\t\t\t\t<\/div>\n\t\t<\/main>\n\t\t\t\t<section class=\"elementor-section elementor-top-section elementor-element elementor-element-eb40305 elementor-section-boxed elementor-section-height-default elementor-section-height-default\" data-id=\"eb40305\" data-element_type=\"section\" data-e-type=\"section\">\n\t\t\t\t\t\t<div class=\"elementor-container elementor-column-gap-extended\">\n\t\t\t\t\t<div class=\"elementor-column elementor-col-50 elementor-top-column elementor-element elementor-element-11a8168 sc_inner_width_none sc_layouts_column_icons_position_left\" data-id=\"11a8168\" data-element_type=\"column\" data-e-type=\"column\">\n\t\t\t<div class=\"elementor-widget-wrap elementor-element-populated\">\n\t\t\t\t\t\t<div class=\"elementor-element elementor-element-b90d7f4 sc_fly_static elementor-widget elementor-widget-text-editor\" data-id=\"b90d7f4\" data-element_type=\"widget\" data-e-type=\"widget\" data-widget_type=\"text-editor.default\">\n\t\t\t\t<div class=\"elementor-widget-container\">\n\t\t\t\t\t\t\t\t\t<p><blockquote class=\"wp-embedded-content\" data-secret=\"3IJnJmJ0wf\"><a href=\"https:\/\/7muaythai.com\/thai-food-is-great-beware-of-msg\/\">Thai food is great, but beware of MSG<\/a><\/blockquote><iframe class=\"wp-embedded-content\" sandbox=\"allow-scripts\" security=\"restricted\" style=\"position: absolute; clip: rect(1px, 1px, 1px, 1px);\" title=\"\u00abThai food is great, but beware of MSG\u00bb \u2014 7MT | 7 Muay Thai Gym\" src=\"https:\/\/7muaythai.com\/thai-food-is-great-beware-of-msg\/embed\/#?secret=3IJnJmJ0wf\" data-secret=\"3IJnJmJ0wf\" width=\"600\" height=\"338\" frameborder=\"0\" marginwidth=\"0\" marginheight=\"0\" scrolling=\"no\"><\/iframe><\/p>\n\t\t\t\t\t\t\t\t<\/div>\n\t\t\t\t<\/div>\n\t\t\t\t\t<\/div>\n\t\t<\/div>\n\t\t\t\t<div class=\"elementor-column elementor-col-50 elementor-top-column elementor-element elementor-element-0baf85e sc_inner_width_none sc_layouts_column_icons_position_left\" data-id=\"0baf85e\" data-element_type=\"column\" data-e-type=\"column\">\n\t\t\t<div class=\"elementor-widget-wrap elementor-element-populated\">\n\t\t\t\t\t\t<div class=\"elementor-element elementor-element-699285b sc_fly_static elementor-widget elementor-widget-text-editor\" data-id=\"699285b\" data-element_type=\"widget\" data-e-type=\"widget\" data-widget_type=\"text-editor.default\">\n\t\t\t\t<div class=\"elementor-widget-container\">\n\t\t\t\t\t\t\t\t\t<p><blockquote class=\"wp-embedded-content\" data-secret=\"y3aBO9RhIY\"><a href=\"https:\/\/7muaythai.com\/why-you-are-not-losing-weight-nutrition-muscles-bmr\/\">Why you are not losing weight: nutrition, muscles &#038; BMR<\/a><\/blockquote><iframe class=\"wp-embedded-content\" sandbox=\"allow-scripts\" security=\"restricted\" style=\"position: absolute; clip: rect(1px, 1px, 1px, 1px);\" title=\"\u00abWhy you are not losing weight: nutrition, muscles &#038; BMR\u00bb \u2014 7MT | 7 Muay Thai Gym\" src=\"https:\/\/7muaythai.com\/why-you-are-not-losing-weight-nutrition-muscles-bmr\/embed\/#?secret=y3aBO9RhIY\" data-secret=\"y3aBO9RhIY\" width=\"600\" height=\"338\" frameborder=\"0\" marginwidth=\"0\" marginheight=\"0\" scrolling=\"no\"><\/iframe><\/p>\n\t\t\t\t\t\t\t\t<\/div>\n\t\t\t\t<\/div>\n\t\t\t\t\t<\/div>\n\t\t<\/div>\n\t\t\t\t\t<\/div>\n\t\t<\/section>\n\t\t\t\t<\/div>\n\t\t","protected":false},"excerpt":{"rendered":"<p>Comida italiana HomeComida italiana Anterior Siguiente Para entrenar mejor, necesita descansar c\u00f3modamente y comer bien. Los bungal\u00f3s se mezclan con la naturaleza y&hellip;<\/p>\n","protected":false},"author":990002,"featured_media":0,"parent":0,"menu_order":0,"comment_status":"closed","ping_status":"closed","template":"","meta":{"_seopress_robots_primary_cat":"","_seopress_titles_title":"","_seopress_titles_desc":"","_seopress_robots_index":"","_seopress_analysis_target_kw":"","_joinchat":[],"footnotes":""},"class_list":["post-9189","page","type-page","status-publish","hentry"],"_links":{"self":[{"href":"https:\/\/7muaythai.com\/es\/wp-json\/wp\/v2\/pages\/9189"}],"collection":[{"href":"https:\/\/7muaythai.com\/es\/wp-json\/wp\/v2\/pages"}],"about":[{"href":"https:\/\/7muaythai.com\/es\/wp-json\/wp\/v2\/types\/page"}],"author":[{"embeddable":true,"href":"https:\/\/7muaythai.com\/es\/wp-json\/wp\/v2\/users\/990002"}],"replies":[{"embeddable":true,"href":"https:\/\/7muaythai.com\/es\/wp-json\/wp\/v2\/comments?post=9189"}],"version-history":[{"count":4,"href":"https:\/\/7muaythai.com\/es\/wp-json\/wp\/v2\/pages\/9189\/revisions"}],"predecessor-version":[{"id":9351,"href":"https:\/\/7muaythai.com\/es\/wp-json\/wp\/v2\/pages\/9189\/revisions\/9351"}],"wp:attachment":[{"href":"https:\/\/7muaythai.com\/es\/wp-json\/wp\/v2\/media?parent=9189"}],"curies":[{"name":"wp","href":"https:\/\/api.w.org\/{rel}","templated":true}]}}