{"id":9204,"date":"2021-05-29T08:24:44","date_gmt":"2021-05-29T06:24:44","guid":{"rendered":"https:\/\/7muaythai.com\/habitacion-individual\/"},"modified":"2023-05-31T10:20:37","modified_gmt":"2023-05-31T08:20:37","slug":"habitacion-individual","status":"publish","type":"page","link":"https:\/\/7muaythai.com\/es\/habitacion-individual\/","title":{"rendered":"Habitaci\u00f3n individual"},"content":{"rendered":"\t\t<div data-elementor-type=\"wp-page\" data-elementor-id=\"9204\" class=\"elementor elementor-9204 elementor-3334\">\n\t\t\t\t\t\t<section class=\"elementor-section elementor-top-section elementor-element elementor-element-57816222 elementor-section-stretched elementor-section-full_width elementor-section-height-min-height scheme_7mt_dark elementor-section-height-default elementor-section-items-middle\" data-id=\"57816222\" data-element_type=\"section\" data-e-type=\"section\" data-settings=\"{&quot;stretch_section&quot;:&quot;section-stretched&quot;,&quot;background_background&quot;:&quot;classic&quot;}\">\n\t\t\t\t\t\t\t<div class=\"elementor-background-overlay\"><\/div>\n\t\t\t\t\t\t\t<div class=\"elementor-container elementor-column-gap-no\">\n\t\t\t\t\t<div class=\"elementor-column elementor-col-100 elementor-top-column elementor-element elementor-element-69849a05 sc_inner_width_none sc_layouts_column_icons_position_left\" data-id=\"69849a05\" data-element_type=\"column\" data-e-type=\"column\">\n\t\t\t<div class=\"elementor-widget-wrap elementor-element-populated\">\n\t\t\t\t\t\t<div class=\"elementor-element elementor-element-914582d sc_fly_static elementor-widget elementor-widget-heading\" data-id=\"914582d\" data-element_type=\"widget\" data-e-type=\"widget\" data-widget_type=\"heading.default\">\n\t\t\t\t<div class=\"elementor-widget-container\">\n\t\t\t\t\t<h1 class=\"elementor-heading-title elementor-size-default\">HABITACI\u00d3N INDIVIDUAL Y DOBLE<\/h1>\t\t\t\t<\/div>\n\t\t\t\t<\/div>\n\t\t\t\t<div class=\"elementor-element elementor-element-ccc10d3 sc_fly_static elementor-widget elementor-widget-trx_sc_layouts_title\" data-id=\"ccc10d3\" data-element_type=\"widget\" data-e-type=\"widget\" data-widget_type=\"trx_sc_layouts_title.default\">\n\t\t\t\t<div class=\"elementor-widget-container\">\n\t\t\t\t\t<div id=\"trx_sc_layouts_title_626706511\" class=\"sc_layouts_title sc_align_center with_content without_image without_tint\"><div class=\"sc_layouts_title_content\"><div class=\"sc_layouts_title_breadcrumbs\"><div class=\"breadcrumbs\"><a class=\"breadcrumbs_item home\" href=\"https:\/\/7muaythai.com\/es\/\">Home<\/a><span class=\"breadcrumbs_delimiter\"><\/span><span class=\"breadcrumbs_item current\">Habitaci\u00f3n individual<\/span><\/div><\/div><\/div><!-- .sc_layouts_title_content --><\/div><!-- \/.sc_layouts_title -->\t\t\t\t<\/div>\n\t\t\t\t<\/div>\n\t\t\t\t\t<\/div>\n\t\t<\/div>\n\t\t\t\t\t<\/div>\n\t\t<\/section>\n\t\t\t\t<main class=\"elementor-section elementor-top-section elementor-element elementor-element-95dce53 elementor-section-stretched elementor-section-boxed elementor-section-height-default elementor-section-height-default\" data-id=\"95dce53\" data-element_type=\"section\" data-e-type=\"section\" data-settings=\"{&quot;stretch_section&quot;:&quot;section-stretched&quot;}\">\n\t\t\t\t\t\t<div class=\"elementor-container elementor-column-gap-extended\">\n\t\t\t\t\t<div class=\"elementor-column elementor-col-50 elementor-top-column elementor-element elementor-element-00be09b sc_inner_width_none sc_layouts_column_icons_position_left\" data-id=\"00be09b\" data-element_type=\"column\" data-e-type=\"column\">\n\t\t\t<div class=\"elementor-widget-wrap elementor-element-populated\">\n\t\t\t\t\t\t<div class=\"elementor-element elementor-element-a960009 elementor-arrows-position-inside sc_fly_static elementor-widget elementor-widget-image-carousel\" data-id=\"a960009\" data-element_type=\"widget\" data-e-type=\"widget\" data-settings=\"{&quot;slides_to_show&quot;:&quot;1&quot;,&quot;navigation&quot;:&quot;arrows&quot;,&quot;autoplay&quot;:&quot;yes&quot;,&quot;pause_on_hover&quot;:&quot;yes&quot;,&quot;pause_on_interaction&quot;:&quot;yes&quot;,&quot;autoplay_speed&quot;:5000,&quot;infinite&quot;:&quot;yes&quot;,&quot;effect&quot;:&quot;slide&quot;,&quot;speed&quot;:500}\" data-widget_type=\"image-carousel.default\">\n\t\t\t\t<div class=\"elementor-widget-container\">\n\t\t\t\t\t\t\t<div class=\"elementor-image-carousel-wrapper swiper\" role=\"region\" aria-roledescription=\"carousel\" aria-label=\"Carrusel de im\u00e1genes\" dir=\"ltr\">\n\t\t\t<div class=\"elementor-image-carousel swiper-wrapper swiper-image-stretch\" aria-live=\"off\">\n\t\t\t\t\t\t\t\t<div class=\"swiper-slide\" role=\"group\" aria-roledescription=\"slide\" aria-label=\"1 de 10\"><figure class=\"swiper-slide-inner\"><img decoding=\"async\" class=\"swiper-slide-image\" src=\"https:\/\/7muaythai.com\/wp-content\/uploads\/2021\/04\/King-size-bedroom-7-Muay-Thai-Gym-768x431.jpg\" alt=\"King size bedroom 7 Muay Thai Gym\" \/><\/figure><\/div><div class=\"swiper-slide\" role=\"group\" aria-roledescription=\"slide\" aria-label=\"2 de 10\"><figure class=\"swiper-slide-inner\"><img decoding=\"async\" class=\"swiper-slide-image\" src=\"https:\/\/7muaythai.com\/wp-content\/uploads\/2020\/08\/King-size-bedroom-muay-thai-camp-thailand-768x431.jpg\" alt=\"King size bedroom muay thai camp thailand\" \/><\/figure><\/div><div class=\"swiper-slide\" role=\"group\" aria-roledescription=\"slide\" aria-label=\"3 de 10\"><figure class=\"swiper-slide-inner\"><img decoding=\"async\" class=\"swiper-slide-image\" src=\"https:\/\/7muaythai.com\/wp-content\/uploads\/2021\/01\/Toilet-7-muay-thai-camp-single-room-768x431.jpg\" alt=\"Toilet 7 muay thai camp single room\" \/><\/figure><\/div><div class=\"swiper-slide\" role=\"group\" aria-roledescription=\"slide\" aria-label=\"4 de 10\"><figure class=\"swiper-slide-inner\"><img decoding=\"async\" class=\"swiper-slide-image\" src=\"https:\/\/7muaythai.com\/wp-content\/uploads\/2020\/08\/muay-thai-camp-room-768x431.jpg\" alt=\"muay thai camp room\" \/><\/figure><\/div><div class=\"swiper-slide\" role=\"group\" aria-roledescription=\"slide\" aria-label=\"5 de 10\"><figure class=\"swiper-slide-inner\"><img decoding=\"async\" class=\"swiper-slide-image\" src=\"https:\/\/7muaythai.com\/wp-content\/uploads\/2021\/03\/Queen-bed-room-7MT-768x576.jpg\" alt=\"Queen bed room 7MT\" \/><\/figure><\/div><div class=\"swiper-slide\" role=\"group\" aria-roledescription=\"slide\" aria-label=\"6 de 10\"><figure class=\"swiper-slide-inner\"><img decoding=\"async\" class=\"swiper-slide-image\" src=\"https:\/\/7muaythai.com\/wp-content\/uploads\/2021\/03\/Queen-size-bed-7MT-768x576.jpg\" alt=\"Queen size bed 7MT\" \/><\/figure><\/div><div class=\"swiper-slide\" role=\"group\" aria-roledescription=\"slide\" aria-label=\"7 de 10\"><figure class=\"swiper-slide-inner\"><img decoding=\"async\" class=\"swiper-slide-image\" src=\"https:\/\/7muaythai.com\/wp-content\/uploads\/2020\/06\/7-Muay-Thai-Gym-Single-Room-768x509.jpg\" alt=\"7 Muay Thai Gym Single Room\" \/><\/figure><\/div><div class=\"swiper-slide\" role=\"group\" aria-roledescription=\"slide\" aria-label=\"8 de 10\"><figure class=\"swiper-slide-inner\"><img decoding=\"async\" class=\"swiper-slide-image\" src=\"https:\/\/7muaythai.com\/wp-content\/uploads\/2020\/06\/7-Muay-Thai-Gym-Double-room-768x509.jpg\" alt=\"7 Muay Thai Gym Double room\" \/><\/figure><\/div><div class=\"swiper-slide\" role=\"group\" aria-roledescription=\"slide\" aria-label=\"9 de 10\"><figure class=\"swiper-slide-inner\"><img decoding=\"async\" class=\"swiper-slide-image\" src=\"https:\/\/7muaythai.com\/wp-content\/uploads\/2020\/08\/7-Muay-Thai-camp-toilet-room-768x431.jpg\" alt=\"7 Muay Thai camp toilet room\" \/><\/figure><\/div><div class=\"swiper-slide\" role=\"group\" aria-roledescription=\"slide\" aria-label=\"10 de 10\"><figure class=\"swiper-slide-inner\"><img decoding=\"async\" class=\"swiper-slide-image\" src=\"https:\/\/7muaythai.com\/wp-content\/uploads\/2020\/08\/Double-room-7muaythai-768x512.jpg\" alt=\"Double room 7muaythai\" \/><\/figure><\/div>\t\t\t<\/div>\n\t\t\t\t\t\t\t\t\t\t\t\t<div class=\"elementor-swiper-button elementor-swiper-button-prev\" role=\"button\" tabindex=\"0\">\n\t\t\t\t\t\t<i aria-hidden=\"true\" class=\"eicon-chevron-left\"><\/i>\t\t\t\t\t<\/div>\n\t\t\t\t\t<div class=\"elementor-swiper-button elementor-swiper-button-next\" role=\"button\" tabindex=\"0\">\n\t\t\t\t\t\t<i aria-hidden=\"true\" class=\"eicon-chevron-right\"><\/i>\t\t\t\t\t<\/div>\n\t\t\t\t\n\t\t\t\t\t\t\t\t\t<\/div>\n\t\t\t\t\t\t<\/div>\n\t\t\t\t<\/div>\n\t\t\t\t\t<\/div>\n\t\t<\/div>\n\t\t\t\t<div class=\"elementor-column elementor-col-50 elementor-top-column elementor-element elementor-element-6010adf order-first sc_inner_width_none sc_layouts_column_icons_position_left\" data-id=\"6010adf\" data-element_type=\"column\" data-e-type=\"column\">\n\t\t\t<div class=\"elementor-widget-wrap elementor-element-populated\">\n\t\t\t\t\t\t<div class=\"elementor-element elementor-element-375c39d sc_fly_static elementor-widget elementor-widget-text-editor\" data-id=\"375c39d\" data-element_type=\"widget\" data-e-type=\"widget\" data-widget_type=\"text-editor.default\">\n\t\t\t\t<div class=\"elementor-widget-container\">\n\t\t\t\t\t\t\t\t\t<p>El precio sin reserva previa de la habitaci\u00f3n individual es de <strong>2.500 baht<\/strong>*.<\/p><p>\u00bfQu\u00e9 incluye este precio?<\/p><ul><li><strong>2 sesiones de entrenamiento<\/strong> diarias (ma\u00f1ana a las 7.00 a.m. &#8211; tarde a las 3.00 p.m.)<\/li><li><strong>Alojamiento en una habitaci\u00f3n individual<\/strong> con vistas a la piscina, con un gran ventilador de techo (aire acondicionado opcional por 200 baht extra por dia)<\/li><\/ul><p>Cada habitaci\u00f3n puede ser utilizada como <strong>habitaci\u00f3n doble<\/strong> y el precio por persona ser\u00e1 de\u00a0<strong>2.100 baht<\/strong>* por d\u00eda.<\/p><p><em>*Estancia m\u00ednima 3 d\u00edas<\/em><\/p><p><strong style=\"color: #16120f; font-family: Rajdhani, sans-serif; font-size: 1.714em; font-style: normal; letter-spacing: 0px; text-transform: uppercase;\">oferta de precios en el siguiente enlace<\/strong><\/p>\t\t\t\t\t\t\t\t<\/div>\n\t\t\t\t<\/div>\n\t\t\t\t<div class=\"elementor-element elementor-element-306e579 elementor-button-success elementor-align-left sc_fly_static elementor-widget elementor-widget-button\" data-id=\"306e579\" data-element_type=\"widget\" data-e-type=\"widget\" data-widget_type=\"button.default\">\n\t\t\t\t<div class=\"elementor-widget-container\">\n\t\t\t\t\t\t\t\t\t<div class=\"elementor-button-wrapper\">\n\t\t\t\t\t<a class=\"elementor-button elementor-button-link elementor-size-lg\" href=\"https:\/\/7muaythai.com\/es\/precios\/\">\n\t\t\t\t\t\t<span class=\"elementor-button-content-wrapper\">\n\t\t\t\t\t\t<span class=\"elementor-button-icon\">\n\t\t\t\t<i aria-hidden=\"true\" class=\"fas fa-shopping-cart\"><\/i>\t\t\t<\/span>\n\t\t\t\t\t\t\t\t\t<span class=\"elementor-button-text\">ver precios<\/span>\n\t\t\t\t\t<\/span>\n\t\t\t\t\t<\/a>\n\t\t\t\t<\/div>\n\t\t\t\t\t\t\t\t<\/div>\n\t\t\t\t<\/div>\n\t\t\t\t\t<\/div>\n\t\t<\/div>\n\t\t\t\t\t<\/div>\n\t\t<\/main>\n\t\t\t\t<\/div>\n\t\t","protected":false},"excerpt":{"rendered":"<p>HABITACI\u00d3N INDIVIDUAL Y DOBLE HomeHabitaci\u00f3n individual Previous Next El precio sin reserva previa de la habitaci\u00f3n individual es de 2.500 baht*. \u00bfQu\u00e9 incluye&hellip;<\/p>\n","protected":false},"author":990002,"featured_media":0,"parent":0,"menu_order":0,"comment_status":"closed","ping_status":"closed","template":"","meta":{"_seopress_robots_primary_cat":"","_seopress_titles_title":"","_seopress_titles_desc":"","_seopress_robots_index":"","_joinchat":[],"footnotes":""},"class_list":["post-9204","page","type-page","status-publish","hentry"],"_links":{"self":[{"href":"https:\/\/7muaythai.com\/es\/wp-json\/wp\/v2\/pages\/9204"}],"collection":[{"href":"https:\/\/7muaythai.com\/es\/wp-json\/wp\/v2\/pages"}],"about":[{"href":"https:\/\/7muaythai.com\/es\/wp-json\/wp\/v2\/types\/page"}],"author":[{"embeddable":true,"href":"https:\/\/7muaythai.com\/es\/wp-json\/wp\/v2\/users\/990002"}],"replies":[{"embeddable":true,"href":"https:\/\/7muaythai.com\/es\/wp-json\/wp\/v2\/comments?post=9204"}],"version-history":[{"count":16,"href":"https:\/\/7muaythai.com\/es\/wp-json\/wp\/v2\/pages\/9204\/revisions"}],"predecessor-version":[{"id":10495,"href":"https:\/\/7muaythai.com\/es\/wp-json\/wp\/v2\/pages\/9204\/revisions\/10495"}],"wp:attachment":[{"href":"https:\/\/7muaythai.com\/es\/wp-json\/wp\/v2\/media?parent=9204"}],"curies":[{"name":"wp","href":"https:\/\/api.w.org\/{rel}","templated":true}]}}