{"id":9212,"date":"2021-05-29T09:14:25","date_gmt":"2021-05-29T07:14:25","guid":{"rendered":"https:\/\/7muaythai.com\/aprender-muay-thai\/"},"modified":"2021-06-04T07:24:02","modified_gmt":"2021-06-04T05:24:02","slug":"aprender-muay-thai","status":"publish","type":"page","link":"https:\/\/7muaythai.com\/es\/aprender-muay-thai\/","title":{"rendered":"Aprender Muay Thai"},"content":{"rendered":"\t\t<div data-elementor-type=\"wp-page\" data-elementor-id=\"9212\" class=\"elementor elementor-9212 elementor-3374\">\n\t\t\t\t\t\t<section class=\"elementor-section elementor-top-section elementor-element elementor-element-1d700749 elementor-section-stretched elementor-section-full_width elementor-section-height-min-height scheme_7mt_dark elementor-section-height-default elementor-section-items-middle\" data-id=\"1d700749\" data-element_type=\"section\" data-e-type=\"section\" data-settings=\"{&quot;stretch_section&quot;:&quot;section-stretched&quot;,&quot;background_background&quot;:&quot;classic&quot;}\">\n\t\t\t\t\t\t\t<div class=\"elementor-background-overlay\"><\/div>\n\t\t\t\t\t\t\t<div class=\"elementor-container elementor-column-gap-no\">\n\t\t\t\t\t<div class=\"elementor-column elementor-col-100 elementor-top-column elementor-element elementor-element-3efc45e1 sc_inner_width_none sc_layouts_column_icons_position_left\" data-id=\"3efc45e1\" data-element_type=\"column\" data-e-type=\"column\">\n\t\t\t<div class=\"elementor-widget-wrap elementor-element-populated\">\n\t\t\t\t\t\t<div class=\"elementor-element elementor-element-1f9c7448 sc_fly_static elementor-widget elementor-widget-trx_sc_layouts_title\" data-id=\"1f9c7448\" data-element_type=\"widget\" data-e-type=\"widget\" data-widget_type=\"trx_sc_layouts_title.default\">\n\t\t\t\t<div class=\"elementor-widget-container\">\n\t\t\t\t\t<div id=\"trx_sc_layouts_title_464304949\" class=\"sc_layouts_title sc_align_center with_content without_image without_tint\"><div class=\"sc_layouts_title_content\"><div class=\"sc_layouts_title_title\">\t\t\t\t\t\t\t<h1 itemprop=\"headline\" class=\"sc_layouts_title_caption\">Aprender Muay Thai<\/h1>\n\t\t\t\t\t\t\t<\/div><div class=\"sc_layouts_title_breadcrumbs\"><div class=\"breadcrumbs\"><a class=\"breadcrumbs_item home\" href=\"https:\/\/7muaythai.com\/es\/\">Home<\/a><span class=\"breadcrumbs_delimiter\"><\/span><span class=\"breadcrumbs_item current\">Aprender Muay Thai<\/span><\/div><\/div><\/div><!-- .sc_layouts_title_content --><\/div><!-- \/.sc_layouts_title -->\t\t\t\t<\/div>\n\t\t\t\t<\/div>\n\t\t\t\t\t<\/div>\n\t\t<\/div>\n\t\t\t\t\t<\/div>\n\t\t<\/section>\n\t\t\t\t<section class=\"elementor-section elementor-top-section elementor-element elementor-element-60c5475 elementor-section-stretched elementor-section-boxed elementor-section-height-default elementor-section-height-default\" data-id=\"60c5475\" data-element_type=\"section\" data-e-type=\"section\" data-settings=\"{&quot;stretch_section&quot;:&quot;section-stretched&quot;}\">\n\t\t\t\t\t\t<div class=\"elementor-container elementor-column-gap-extended\">\n\t\t\t\t\t<div class=\"elementor-column elementor-col-100 elementor-top-column elementor-element elementor-element-6757dbe sc_inner_width_none sc_layouts_column_icons_position_left\" data-id=\"6757dbe\" data-element_type=\"column\" data-e-type=\"column\">\n\t\t\t<div class=\"elementor-widget-wrap elementor-element-populated\">\n\t\t\t\t\t\t<div class=\"elementor-element elementor-element-098f4c1 sc_fly_static elementor-widget elementor-widget-text-editor\" data-id=\"098f4c1\" data-element_type=\"widget\" data-e-type=\"widget\" data-widget_type=\"text-editor.default\">\n\t\t\t\t<div class=\"elementor-widget-container\">\n\t\t\t\t\t\t\t\t\t<p>El Muay Thai (o boxeo tailand\u00e9s) es el deporte nacional de Tailandia y su popularidad a nivel internacional est\u00e1 creciendo exponencialmente, a\u00f1o tras a\u00f1o. Si bien es esencialmente un deporte de combate, cada vez son m\u00e1s las personas que optan por practicarlo como un <strong>m\u00e9todo para ponerse en forma<\/strong>, otras persiguen el prop\u00f3sito de mejorar sus habilidades y aprender este arte milenario y otros, por supuesto, poseen como objetivo competir.<\/p><p>Muchos, son los que ense\u00f1an este arte en todo el mundo, aunque, hay que destacar que, para conseguir la mejor formaci\u00f3n posible, hay que <strong>buscar verdaderos expertos<\/strong> en la materia: maestros tailandeses (<em>en lengua tailandesa: Kru o Ajarn).<\/em><\/p><p>El arte del Muay Thai se remonta a cientos de a\u00f1os atr\u00e1s: lo practicaban los guerreros que defend\u00edan el <strong>Reino de Siam<\/strong>. Hoy, se ha convertido en uno de los deportes de combate m\u00e1s populares y su evoluci\u00f3n continua.<\/p><p>Tailandia es el <strong>destino n\u00famero uno<\/strong> para los aspirantes a luchadores y que buscan comenzar su carrera o para los luchadores profesionales <em>(en tailand\u00e9s: Nak Muay)<\/em> que quieren enfrentarse a los mejores del mundo.<\/p><p>Para principiantes y novatos, venir a aprender Muay Thai a la tierra de la sonrisa es una obviedad, ya que es mucho m\u00e1s f\u00e1cil de aprender y mejorar, debido a la f\u00e1cil log\u00edstica (comer y dormir con total comodidad en el campamento \/ resort, sin necesidad de desplazamientos ) y, por supuesto,a las condiciones clim\u00e1ticas, lo que lo hace mucho m\u00e1s divertido, en comparaci\u00f3n con entrenar en el clima fr\u00edo. Se unen as\u00ed una sesi\u00f3n de entrenamiento, estudiada para cada alumno, junto a un clima tropical para crear una<strong> experiencia \u00fanica.<\/strong><\/p>\t\t\t\t\t\t\t\t<\/div>\n\t\t\t\t<\/div>\n\t\t\t\t<section class=\"elementor-section elementor-inner-section elementor-element elementor-element-d9df8f6 elementor-section-boxed elementor-section-height-default elementor-section-height-default\" data-id=\"d9df8f6\" data-element_type=\"section\" data-e-type=\"section\" data-settings=\"{&quot;animation&quot;:&quot;none&quot;}\">\n\t\t\t\t\t\t<div class=\"elementor-container elementor-column-gap-extended\">\n\t\t\t\t\t<div class=\"elementor-column elementor-col-100 elementor-inner-column elementor-element elementor-element-41d10e1 sc_inner_width_none sc_layouts_column_icons_position_left\" data-id=\"41d10e1\" data-element_type=\"column\" data-e-type=\"column\">\n\t\t\t<div class=\"elementor-widget-wrap elementor-element-populated\">\n\t\t\t\t\t\t<div class=\"elementor-element elementor-element-59eb34f gallery-spacing-custom animated-fast sc_layouts_hide_on_mobile sc_fly_static elementor-invisible elementor-widget elementor-widget-image-gallery\" data-id=\"59eb34f\" data-element_type=\"widget\" data-e-type=\"widget\" data-settings=\"{&quot;_animation&quot;:&quot;fadeIn&quot;}\" data-widget_type=\"image-gallery.default\">\n\t\t\t\t<div class=\"elementor-widget-container\">\n\t\t\t\t\t\t\t<div class=\"elementor-image-gallery\">\n\t\t\t<div id='gallery-1' class='gallery galleryid-9212 gallery-columns-3 gallery-size-rumble-thumb-med'><figure class='gallery-item'>\n\t\t\t<div class='gallery-icon landscape'>\n\t\t\t\t<a data-elementor-open-lightbox=\"yes\" data-elementor-lightbox-slideshow=\"59eb34f\" data-elementor-lightbox-title=\"muay thai trainer in thailand\" data-e-action-hash=\"#elementor-action%3Aaction%3Dlightbox%26settings%3DeyJpZCI6ODc0OSwidXJsIjoiaHR0cHM6XC9cLzdtdWF5dGhhaS5jb21cL3dwLWNvbnRlbnRcL3VwbG9hZHNcLzIwMjFcLzA0XC9tdWF5LXRoYWktdHJhaW5lci1pbi10aGFpbGFuZC5qcGciLCJzbGlkZXNob3ciOiI1OWViMzRmIn0%3D\" href='https:\/\/7muaythai.com\/wp-content\/uploads\/2021\/04\/muay-thai-trainer-in-thailand.jpg'><img fetchpriority=\"high\" decoding=\"async\" width=\"406\" height=\"250\" src=\"https:\/\/7muaythai.com\/wp-content\/uploads\/2021\/04\/muay-thai-trainer-in-thailand-406x250.jpg\" class=\"attachment-rumble-thumb-med size-rumble-thumb-med\" alt=\"\" \/><\/a>\n\t\t\t<\/div><\/figure><figure class='gallery-item'>\n\t\t\t<div class='gallery-icon landscape'>\n\t\t\t\t<a data-elementor-open-lightbox=\"yes\" data-elementor-lightbox-slideshow=\"59eb34f\" data-elementor-lightbox-title=\"Learn Muay Thai in Thailand 7MT\" data-e-action-hash=\"#elementor-action%3Aaction%3Dlightbox%26settings%3DeyJpZCI6OTM2MiwidXJsIjoiaHR0cHM6XC9cLzdtdWF5dGhhaS5jb21cL3dwLWNvbnRlbnRcL3VwbG9hZHNcLzIwMjFcLzA2XC9MZWFybi1NdWF5LVRoYWktaW4tVGhhaWxhbmQtN01ULmpwZyIsInNsaWRlc2hvdyI6IjU5ZWIzNGYifQ%3D%3D\" href='https:\/\/7muaythai.com\/wp-content\/uploads\/2021\/06\/Learn-Muay-Thai-in-Thailand-7MT.jpg'><img decoding=\"async\" width=\"406\" height=\"250\" src=\"https:\/\/7muaythai.com\/wp-content\/uploads\/2021\/06\/Learn-Muay-Thai-in-Thailand-7MT-406x250.jpg\" class=\"attachment-rumble-thumb-med size-rumble-thumb-med\" alt=\"\" \/><\/a>\n\t\t\t<\/div><\/figure><figure class='gallery-item'>\n\t\t\t<div class='gallery-icon landscape'>\n\t\t\t\t<a data-elementor-open-lightbox=\"yes\" data-elementor-lightbox-slideshow=\"59eb34f\" data-elementor-lightbox-title=\"learn muay thai training in thailand\" data-e-action-hash=\"#elementor-action%3Aaction%3Dlightbox%26settings%3DeyJpZCI6OTQyMywidXJsIjoiaHR0cHM6XC9cLzdtdWF5dGhhaS5jb21cL3dwLWNvbnRlbnRcL3VwbG9hZHNcLzIwMjFcLzA2XC9sZWFybi1tdWF5LXRoYWktdHJhaW5pbmctaW4tdGhhaWxhbmQuanBnIiwic2xpZGVzaG93IjoiNTllYjM0ZiJ9\" href='https:\/\/7muaythai.com\/wp-content\/uploads\/2021\/06\/learn-muay-thai-training-in-thailand.jpg'><img decoding=\"async\" width=\"406\" height=\"250\" src=\"https:\/\/7muaythai.com\/wp-content\/uploads\/2021\/06\/learn-muay-thai-training-in-thailand-406x250.jpg\" class=\"attachment-rumble-thumb-med size-rumble-thumb-med\" alt=\"\" \/><\/a>\n\t\t\t<\/div><\/figure>\n\t\t<\/div>\n\t\t<\/div>\n\t\t\t\t\t\t<\/div>\n\t\t\t\t<\/div>\n\t\t\t\t<div class=\"elementor-element elementor-element-16a320b animated-fast sc_layouts_hide_on_wide sc_layouts_hide_on_desktop sc_layouts_hide_on_notebook sc_layouts_hide_on_tablet sc_fly_static elementor-invisible elementor-widget elementor-widget-image-gallery\" data-id=\"16a320b\" data-element_type=\"widget\" data-e-type=\"widget\" data-settings=\"{&quot;_animation&quot;:&quot;fadeIn&quot;}\" data-widget_type=\"image-gallery.default\">\n\t\t\t\t<div class=\"elementor-widget-container\">\n\t\t\t\t\t\t\t<div class=\"elementor-image-gallery\">\n\t\t\t<div id='gallery-2' class='gallery galleryid-9212 gallery-columns-1 gallery-size-rumble-thumb-med'><figure class='gallery-item'>\n\t\t\t<div class='gallery-icon landscape'>\n\t\t\t\t<a data-elementor-open-lightbox=\"yes\" data-elementor-lightbox-slideshow=\"16a320b\" data-elementor-lightbox-title=\"muay thai trainer in thailand\" data-e-action-hash=\"#elementor-action%3Aaction%3Dlightbox%26settings%3DeyJpZCI6ODc0OSwidXJsIjoiaHR0cHM6XC9cLzdtdWF5dGhhaS5jb21cL3dwLWNvbnRlbnRcL3VwbG9hZHNcLzIwMjFcLzA0XC9tdWF5LXRoYWktdHJhaW5lci1pbi10aGFpbGFuZC5qcGciLCJzbGlkZXNob3ciOiIxNmEzMjBiIn0%3D\" href='https:\/\/7muaythai.com\/wp-content\/uploads\/2021\/04\/muay-thai-trainer-in-thailand.jpg'><img fetchpriority=\"high\" decoding=\"async\" width=\"406\" height=\"250\" src=\"https:\/\/7muaythai.com\/wp-content\/uploads\/2021\/04\/muay-thai-trainer-in-thailand-406x250.jpg\" class=\"attachment-rumble-thumb-med size-rumble-thumb-med\" alt=\"\" \/><\/a>\n\t\t\t<\/div><\/figure><figure class='gallery-item'>\n\t\t\t<div class='gallery-icon landscape'>\n\t\t\t\t<a data-elementor-open-lightbox=\"yes\" data-elementor-lightbox-slideshow=\"16a320b\" data-elementor-lightbox-title=\"Learn Muay Thai in Thailand 7MT\" data-e-action-hash=\"#elementor-action%3Aaction%3Dlightbox%26settings%3DeyJpZCI6OTM2MiwidXJsIjoiaHR0cHM6XC9cLzdtdWF5dGhhaS5jb21cL3dwLWNvbnRlbnRcL3VwbG9hZHNcLzIwMjFcLzA2XC9MZWFybi1NdWF5LVRoYWktaW4tVGhhaWxhbmQtN01ULmpwZyIsInNsaWRlc2hvdyI6IjE2YTMyMGIifQ%3D%3D\" href='https:\/\/7muaythai.com\/wp-content\/uploads\/2021\/06\/Learn-Muay-Thai-in-Thailand-7MT.jpg'><img decoding=\"async\" width=\"406\" height=\"250\" src=\"https:\/\/7muaythai.com\/wp-content\/uploads\/2021\/06\/Learn-Muay-Thai-in-Thailand-7MT-406x250.jpg\" class=\"attachment-rumble-thumb-med size-rumble-thumb-med\" alt=\"\" \/><\/a>\n\t\t\t<\/div><\/figure><figure class='gallery-item'>\n\t\t\t<div class='gallery-icon landscape'>\n\t\t\t\t<a data-elementor-open-lightbox=\"yes\" data-elementor-lightbox-slideshow=\"16a320b\" data-elementor-lightbox-title=\"learn muay thai training in thailand\" data-e-action-hash=\"#elementor-action%3Aaction%3Dlightbox%26settings%3DeyJpZCI6OTQyMywidXJsIjoiaHR0cHM6XC9cLzdtdWF5dGhhaS5jb21cL3dwLWNvbnRlbnRcL3VwbG9hZHNcLzIwMjFcLzA2XC9sZWFybi1tdWF5LXRoYWktdHJhaW5pbmctaW4tdGhhaWxhbmQuanBnIiwic2xpZGVzaG93IjoiMTZhMzIwYiJ9\" href='https:\/\/7muaythai.com\/wp-content\/uploads\/2021\/06\/learn-muay-thai-training-in-thailand.jpg'><img decoding=\"async\" width=\"406\" height=\"250\" src=\"https:\/\/7muaythai.com\/wp-content\/uploads\/2021\/06\/learn-muay-thai-training-in-thailand-406x250.jpg\" class=\"attachment-rumble-thumb-med size-rumble-thumb-med\" alt=\"\" \/><\/a>\n\t\t\t<\/div><\/figure>\n\t\t<\/div>\n\t\t<\/div>\n\t\t\t\t\t\t<\/div>\n\t\t\t\t<\/div>\n\t\t\t\t\t<\/div>\n\t\t<\/div>\n\t\t\t\t\t<\/div>\n\t\t<\/section>\n\t\t\t\t<div class=\"elementor-element elementor-element-e8254af sc_fly_static elementor-widget elementor-widget-text-editor\" data-id=\"e8254af\" data-element_type=\"widget\" data-e-type=\"widget\" data-widget_type=\"text-editor.default\">\n\t\t\t\t<div class=\"elementor-widget-container\">\n\t\t\t\t\t\t\t\t\t<p>Hoy en d\u00eda, se pueden ver mujeres y hombres de todas las edades en cualquier gimnasio o campamento de Muay Thai <em>(en idioma tailand\u00e9s: Kai Muay)<\/em>, entrenando juntos y compartiendo su amor por este arte antiguo. Esto prueba de que el Muay Thai realmente se ha convertido en un deporte que <strong>cualquiera puede practicar.<\/strong><\/p><p>El boxeo tailand\u00e9s se est\u00e1 convirtiendo en una de las <strong>primeras opciones para las mujeres<\/strong> que quieren volver a ponerse o mantenerse en forma. El calor constante y un entrenamiento completo es la combinaci\u00f3n perfecta para reafirmar todos los m\u00fasculos del cuerpo. Por otro lado, el sol, la piscina y la playa cercana <strong>garantizan unas vacaciones agradables y confortables.<\/strong><\/p><p>Los <strong>ni\u00f1os y adolescentes<\/strong> tienen la oportunidad de aprender defensa personal y, seg\u00fan nuestra experiencia, conseguir\u00a0 un notable <strong>crecimiento mental,<\/strong> ya que la sesi\u00f3n de entrenamiento se basa en los valores fundamentales del Muay Thai: <strong>disciplina y respeto.<\/strong><\/p><p>En resumen, es una experiencia que vale la pena probar y que solo se puede vivir en Tailandia. 7 Muay Thai Gym (provincia de Rayong) es el \u00fanico campamento en Tailandia que puede ofrecer la <strong>comodidad y el servicio de un verdadero resort.<\/strong><\/p>\t\t\t\t\t\t\t\t<\/div>\n\t\t\t\t<\/div>\n\t\t\t\t<div class=\"elementor-element elementor-element-4a74841 sc_fly_static elementor-widget elementor-widget-trx_sc_button\" data-id=\"4a74841\" data-element_type=\"widget\" data-e-type=\"widget\" data-widget_type=\"trx_sc_button.default\">\n\t\t\t\t<div class=\"elementor-widget-container\">\n\t\t\t\t\t<div id=\"trx_sc_button_1527763575\"\tclass=\"sc_item_button sc_button_wrap\"><a href=\"http:\/\/thailand-muaythai.com\/\" class=\"sc_button sc_button_default sc_button_size_normal sc_button_icon_left\" target=\"_blank\"><span class=\"sc_button_text\"><span class=\"sc_button_title\">Discover more about Muay Thai <\/span><\/span><!-- \/.sc_button_text --><\/a><!-- \/.sc_button --><\/div><!-- \/.sc_item_button -->\t\t\t\t<\/div>\n\t\t\t\t<\/div>\n\t\t\t\t\t<\/div>\n\t\t<\/div>\n\t\t\t\t\t<\/div>\n\t\t<\/section>\n\t\t\t\t<\/div>\n\t\t","protected":false},"excerpt":{"rendered":"<p>Aprender Muay Thai HomeAprender Muay Thai El Muay Thai (o boxeo tailand\u00e9s) es el deporte nacional de Tailandia y su popularidad a nivel&hellip;<\/p>\n","protected":false},"author":990002,"featured_media":0,"parent":0,"menu_order":0,"comment_status":"closed","ping_status":"closed","template":"","meta":{"_seopress_robots_primary_cat":"","_seopress_titles_title":"","_seopress_titles_desc":"","_seopress_robots_index":"","_joinchat":[],"footnotes":""},"class_list":["post-9212","page","type-page","status-publish","hentry"],"_links":{"self":[{"href":"https:\/\/7muaythai.com\/es\/wp-json\/wp\/v2\/pages\/9212"}],"collection":[{"href":"https:\/\/7muaythai.com\/es\/wp-json\/wp\/v2\/pages"}],"about":[{"href":"https:\/\/7muaythai.com\/es\/wp-json\/wp\/v2\/types\/page"}],"author":[{"embeddable":true,"href":"https:\/\/7muaythai.com\/es\/wp-json\/wp\/v2\/users\/990002"}],"replies":[{"embeddable":true,"href":"https:\/\/7muaythai.com\/es\/wp-json\/wp\/v2\/comments?post=9212"}],"version-history":[{"count":13,"href":"https:\/\/7muaythai.com\/es\/wp-json\/wp\/v2\/pages\/9212\/revisions"}],"predecessor-version":[{"id":9460,"href":"https:\/\/7muaythai.com\/es\/wp-json\/wp\/v2\/pages\/9212\/revisions\/9460"}],"wp:attachment":[{"href":"https:\/\/7muaythai.com\/es\/wp-json\/wp\/v2\/media?parent=9212"}],"curies":[{"name":"wp","href":"https:\/\/api.w.org\/{rel}","templated":true}]}}