{"id":9668,"date":"2021-08-25T07:59:55","date_gmt":"2021-08-25T05:59:55","guid":{"rendered":"https:\/\/7muaythai.com\/nuestros-internos\/"},"modified":"2021-08-25T19:49:21","modified_gmt":"2021-08-25T17:49:21","slug":"nuestros-internos","status":"publish","type":"page","link":"https:\/\/7muaythai.com\/es\/nuestros-internos\/","title":{"rendered":"Nuestro Internos (entrenadores)"},"content":{"rendered":"\t\t<div data-elementor-type=\"wp-page\" data-elementor-id=\"9668\" class=\"elementor elementor-9668 elementor-5088\">\n\t\t\t\t\t\t<section class=\"elementor-section elementor-top-section elementor-element elementor-element-3694836 elementor-section-stretched elementor-section-full_width elementor-section-height-min-height scheme_7mt_dark elementor-section-height-default elementor-section-items-middle\" data-id=\"3694836\" data-element_type=\"section\" data-e-type=\"section\" data-settings=\"{&quot;stretch_section&quot;:&quot;section-stretched&quot;,&quot;background_background&quot;:&quot;classic&quot;}\">\n\t\t\t\t\t\t\t<div class=\"elementor-background-overlay\"><\/div>\n\t\t\t\t\t\t\t<div class=\"elementor-container elementor-column-gap-no\">\n\t\t\t\t\t<div class=\"elementor-column elementor-col-100 elementor-top-column elementor-element elementor-element-4980cfc sc_inner_width_none sc_layouts_column_icons_position_left\" data-id=\"4980cfc\" data-element_type=\"column\" data-e-type=\"column\">\n\t\t\t<div class=\"elementor-widget-wrap elementor-element-populated\">\n\t\t\t\t\t\t<div class=\"elementor-element elementor-element-9cbbb1c sc_fly_static elementor-widget elementor-widget-trx_sc_layouts_title\" data-id=\"9cbbb1c\" data-element_type=\"widget\" data-e-type=\"widget\" data-widget_type=\"trx_sc_layouts_title.default\">\n\t\t\t\t<div class=\"elementor-widget-container\">\n\t\t\t\t\t<div id=\"trx_sc_layouts_title_1103993170\" class=\"sc_layouts_title sc_align_center with_content without_image without_tint\"><div class=\"sc_layouts_title_content\"><div class=\"sc_layouts_title_title\">\t\t\t\t\t\t\t<h1 itemprop=\"headline\" class=\"sc_layouts_title_caption\">Nuestro Internos (entrenadores)<\/h1>\n\t\t\t\t\t\t\t<\/div><div class=\"sc_layouts_title_breadcrumbs\"><div class=\"breadcrumbs\"><a class=\"breadcrumbs_item home\" href=\"https:\/\/7muaythai.com\/es\/\">Home<\/a><span class=\"breadcrumbs_delimiter\"><\/span><span class=\"breadcrumbs_item current\">Nuestro Internos (entrenadores)<\/span><\/div><\/div><\/div><!-- .sc_layouts_title_content --><\/div><!-- \/.sc_layouts_title -->\t\t\t\t<\/div>\n\t\t\t\t<\/div>\n\t\t\t\t\t<\/div>\n\t\t<\/div>\n\t\t\t\t\t<\/div>\n\t\t<\/section>\n\t\t\t\t<main class=\"elementor-section elementor-top-section elementor-element elementor-element-28c8d27 elementor-section-stretched elementor-section-boxed elementor-section-height-default elementor-section-height-default\" data-id=\"28c8d27\" data-element_type=\"section\" data-e-type=\"section\" data-settings=\"{&quot;stretch_section&quot;:&quot;section-stretched&quot;}\">\n\t\t\t\t\t\t<div class=\"elementor-container elementor-column-gap-extended\">\n\t\t\t\t\t<div class=\"elementor-column elementor-col-100 elementor-top-column elementor-element elementor-element-e13247f sc_inner_width_none sc_layouts_column_icons_position_left\" data-id=\"e13247f\" data-element_type=\"column\" data-e-type=\"column\">\n\t\t\t<div class=\"elementor-widget-wrap elementor-element-populated\">\n\t\t\t\t\t\t<div class=\"elementor-element elementor-element-c571881 sc_fly_static elementor-widget elementor-widget-text-editor\" data-id=\"c571881\" data-element_type=\"widget\" data-e-type=\"widget\" data-widget_type=\"text-editor.default\">\n\t\t\t\t<div class=\"elementor-widget-container\">\n\t\t\t\t\t\t\t\t\t<p><strong>\u00bfQu\u00e9 son los entrenadores internos?<\/strong><\/p>\n<p>&nbsp;<\/p>\n<p>Son entrenadores apasionados del Muay Thai que han decidido venir y contribuir al \u00e9xito de nuestro gym, dando el 100% ,e incluso m\u00e1s, de ellos mismos. Bajo la supervisi\u00f3n de los \u201cAjarn\u201d y \u201cKru Muay (s)\u201d tailandeses, entrenan tanto a nuestros estudiantes como a nuestros luchadores y en muchas ocasiones, terminan formando parte de la <strong>familia 7 Muay Thai<\/strong>.<\/p>\n<p>&nbsp;<\/p>\n<p><strong>\u00bfQuieres tener la oportunidad de formar parte del equipo?<\/strong> Consulta esta p\u00e1gina o cont\u00e1ctanos directamente.<\/p>\n\t\t\t\t\t\t\t\t<\/div>\n\t\t\t\t<\/div>\n\t\t\t\t<div class=\"elementor-element elementor-element-c691b9c sc_fly_static elementor-invisible elementor-widget elementor-widget-trx_sc_team\" data-id=\"c691b9c\" data-element_type=\"widget\" data-e-type=\"widget\" data-settings=\"{&quot;_animation&quot;:&quot;fadeInUp&quot;}\" data-widget_type=\"trx_sc_team.default\">\n\t\t\t\t<div class=\"elementor-widget-container\">\n\t\t\t\t\t<div  id=\"trx_sc_team_47134432\"\t\tclass=\"sc_team sc_team_featured\"><div class=\"sc_team_columns_wrap sc_item_columns sc_item_posts_container trx_addons_columns_wrap columns_padding_bottom\"><div class=\"trx_addons_column-1_3\"><div class=\"sc_team_item no_links post-9291 cpt_team type-cpt_team status-publish has-post-thumbnail hentry cpt_team_group-interns\">\n\t<div class=\"post_featured sc_team_item_thumb trx_addons_hover trx_addons_hover_style_info\"><a href=\"https:\/\/7muaythai.com\/es\/team\/daniel-ribeiro\/\" aria-hidden=\"true\"><img fetchpriority=\"high\" decoding=\"async\" width=\"600\" height=\"764\" src=\"https:\/\/7muaythai.com\/wp-content\/uploads\/2020\/08\/Daniel-Rajamuaythai-600x764.jpg\" class=\"attachment-rumble-thumb-team size-rumble-thumb-team wp-post-image\" alt=\"\" \/><\/a><div class=\"trx_addons_hover_content\"><h4 class=\"sc_team_item_title trx_addons_hover_title\"><a href=\"https:\/\/7muaythai.com\/es\/team\/daniel-ribeiro\/\">Daniel Ribeiro<\/a><\/h4><div class=\"sc_team_item_subtitle trx_addons_hover_title\"><a href=\"https:\/\/7muaythai.com\/es\/team\/daniel-ribeiro\/\">Entrenador Interno (ex)<\/a><\/div><div class=\"sc_team_item_socials socials_wrap trx_addons_hover_info\"><a target=\"_blank\" href=\"https:\/\/www.facebook.com\/daniel.ribeiro.9469\" class=\"social_item social_item_style_icons sc_icon_type_icons social_item_type_icons\"><span class=\"social_icon social_icon_facebook\"><span class=\"icon-facebook\"><\/span><\/span><\/a><a target=\"_blank\" href=\"https:\/\/www.instagram.com\/danielarona\/\" class=\"social_item social_item_style_icons sc_icon_type_icons social_item_type_icons\"><span class=\"social_icon social_icon_instagramm\"><span class=\"icon-instagramm\"><\/span><\/span><\/a><\/div><\/div><div class=\"trx_addons_hover_mask\"><\/div><\/div><\/div>\n<\/div><div class=\"trx_addons_column-1_3\"><div class=\"sc_team_item no_links post-9292 cpt_team type-cpt_team status-publish has-post-thumbnail hentry cpt_team_group-interns\">\n\t<div class=\"post_featured sc_team_item_thumb trx_addons_hover trx_addons_hover_style_info\"><a href=\"https:\/\/7muaythai.com\/es\/team\/ramon-rivera\/\" aria-hidden=\"true\"><img decoding=\"async\" width=\"600\" height=\"764\" src=\"https:\/\/7muaythai.com\/wp-content\/uploads\/2020\/12\/Ramon-Chokmuaycadiz-600x764.jpg\" class=\"attachment-rumble-thumb-team size-rumble-thumb-team wp-post-image\" alt=\"\" \/><\/a><div class=\"trx_addons_hover_content\"><h4 class=\"sc_team_item_title trx_addons_hover_title\"><a href=\"https:\/\/7muaythai.com\/es\/team\/ramon-rivera\/\">Ram\u00f3n Rivera<\/a><\/h4><div class=\"sc_team_item_subtitle trx_addons_hover_title\"><a href=\"https:\/\/7muaythai.com\/es\/team\/ramon-rivera\/\">Entrenador Interno (ex)<\/a><\/div><div class=\"sc_team_item_socials socials_wrap trx_addons_hover_info\"><a target=\"_blank\" href=\"https:\/\/www.facebook.com\/ramon.rvr.9\" class=\"social_item social_item_style_icons sc_icon_type_icons social_item_type_icons\"><span class=\"social_icon social_icon_facebook\"><span class=\"icon-facebook\"><\/span><\/span><\/a><a target=\"_blank\" href=\"https:\/\/www.instagram.com\/rriveratrainer\/\" class=\"social_item social_item_style_icons sc_icon_type_icons social_item_type_icons\"><span class=\"social_icon social_icon_instagramm\"><span class=\"icon-instagramm\"><\/span><\/span><\/a><\/div><\/div><div class=\"trx_addons_hover_mask\"><\/div><\/div><\/div>\n<\/div><div class=\"trx_addons_column-1_3\"><div class=\"sc_team_item no_links post-9293 cpt_team type-cpt_team status-publish has-post-thumbnail hentry cpt_team_group-interns\">\n\t<div class=\"post_featured sc_team_item_thumb trx_addons_hover trx_addons_hover_style_info\"><a href=\"https:\/\/7muaythai.com\/es\/team\/ivan-cordovin\/\" aria-hidden=\"true\"><img decoding=\"async\" width=\"600\" height=\"764\" src=\"https:\/\/7muaythai.com\/wp-content\/uploads\/2020\/08\/Ivan-Chapimuay-600x764.jpg\" class=\"attachment-rumble-thumb-team size-rumble-thumb-team wp-post-image\" alt=\"\" \/><\/a><div class=\"trx_addons_hover_content\"><h4 class=\"sc_team_item_title trx_addons_hover_title\"><a href=\"https:\/\/7muaythai.com\/es\/team\/ivan-cordovin\/\">Iv\u00e1n Cordov\u00edn<\/a><\/h4><div class=\"sc_team_item_subtitle trx_addons_hover_title\"><a href=\"https:\/\/7muaythai.com\/es\/team\/ivan-cordovin\/\">Entrenador Interno (ex)<\/a><\/div><div class=\"sc_team_item_socials socials_wrap trx_addons_hover_info\"><a target=\"_blank\" href=\"https:\/\/www.facebook.com\/Chapimuay\" class=\"social_item social_item_style_icons sc_icon_type_icons social_item_type_icons\"><span class=\"social_icon social_icon_facebook\"><span class=\"icon-facebook\"><\/span><\/span><\/a><a target=\"_blank\" href=\"https:\/\/www.instagram.com\/chapimuay\/\" class=\"social_item social_item_style_icons sc_icon_type_icons social_item_type_icons\"><span class=\"social_icon social_icon_instagramm\"><span class=\"icon-instagramm\"><\/span><\/span><\/a><a target=\"_blank\" href=\"https:\/\/twitter.com\/Chapimuay\" class=\"social_item social_item_style_icons sc_icon_type_icons social_item_type_icons\"><span class=\"social_icon social_icon_twitter\"><span class=\"icon-twitter\"><\/span><\/span><\/a><\/div><\/div><div class=\"trx_addons_hover_mask\"><\/div><\/div><\/div>\n<\/div><div class=\"trx_addons_column-1_3\"><div class=\"sc_team_item no_links post-9300 cpt_team type-cpt_team status-publish has-post-thumbnail hentry cpt_team_group-interns\">\n\t<div class=\"post_featured sc_team_item_thumb trx_addons_hover trx_addons_hover_style_info\"><a href=\"https:\/\/7muaythai.com\/es\/team\/alessandro-grifa\/\" aria-hidden=\"true\"><img loading=\"lazy\" decoding=\"async\" width=\"600\" height=\"764\" src=\"https:\/\/7muaythai.com\/wp-content\/uploads\/2018\/05\/Alessandro-Grifa-Boxing-Coach-600x764.jpg\" class=\"attachment-rumble-thumb-team size-rumble-thumb-team wp-post-image\" alt=\"\" \/><\/a><div class=\"trx_addons_hover_content\"><h4 class=\"sc_team_item_title trx_addons_hover_title\"><a href=\"https:\/\/7muaythai.com\/es\/team\/alessandro-grifa\/\">Alessandro Grifa<\/a><\/h4><div class=\"sc_team_item_subtitle trx_addons_hover_title\"><a href=\"https:\/\/7muaythai.com\/es\/team\/alessandro-grifa\/\">Entrenador de boxeo<\/a><\/div><div class=\"sc_team_item_socials socials_wrap trx_addons_hover_info\"><a target=\"_blank\" href=\"https:\/\/www.facebook.com\/GrifaGymFightFitness\/\" class=\"social_item social_item_style_icons sc_icon_type_icons social_item_type_icons\"><span class=\"social_icon social_icon_facebook\"><span class=\"icon-facebook\"><\/span><\/span><\/a><a target=\"_blank\" href=\"https:\/\/www.instagram.com\/ale_grifagym\/\" class=\"social_item social_item_style_icons sc_icon_type_icons social_item_type_icons\"><span class=\"social_icon social_icon_instagramm\"><span class=\"icon-instagramm\"><\/span><\/span><\/a><\/div><\/div><div class=\"trx_addons_hover_mask\"><\/div><\/div><\/div>\n<\/div><\/div><\/div><!-- \/.sc_team -->\t\t\t\t<\/div>\n\t\t\t\t<\/div>\n\t\t\t\t\t<\/div>\n\t\t<\/div>\n\t\t\t\t\t<\/div>\n\t\t<\/main>\n\t\t\t\t<\/div>\n\t\t","protected":false},"excerpt":{"rendered":"<p>Home \u00bfQu\u00e9 son los entrenadores internos? &nbsp; Son entrenadores apasionados del Muay Thai que han decidido venir y contribuir al \u00e9xito de nuestro&hellip;<\/p>\n","protected":false},"author":990002,"featured_media":0,"parent":0,"menu_order":0,"comment_status":"closed","ping_status":"closed","template":"","meta":{"_seopress_robots_primary_cat":"","_seopress_titles_title":"                                                                        ","_seopress_titles_desc":"\r\n                    \r\n                                                    ","_seopress_robots_index":"","_joinchat":[],"footnotes":""},"class_list":["post-9668","page","type-page","status-publish","hentry"],"_links":{"self":[{"href":"https:\/\/7muaythai.com\/es\/wp-json\/wp\/v2\/pages\/9668"}],"collection":[{"href":"https:\/\/7muaythai.com\/es\/wp-json\/wp\/v2\/pages"}],"about":[{"href":"https:\/\/7muaythai.com\/es\/wp-json\/wp\/v2\/types\/page"}],"author":[{"embeddable":true,"href":"https:\/\/7muaythai.com\/es\/wp-json\/wp\/v2\/users\/990002"}],"replies":[{"embeddable":true,"href":"https:\/\/7muaythai.com\/es\/wp-json\/wp\/v2\/comments?post=9668"}],"version-history":[{"count":3,"href":"https:\/\/7muaythai.com\/es\/wp-json\/wp\/v2\/pages\/9668\/revisions"}],"predecessor-version":[{"id":9796,"href":"https:\/\/7muaythai.com\/es\/wp-json\/wp\/v2\/pages\/9668\/revisions\/9796"}],"wp:attachment":[{"href":"https:\/\/7muaythai.com\/es\/wp-json\/wp\/v2\/media?parent=9668"}],"curies":[{"name":"wp","href":"https:\/\/api.w.org\/{rel}","templated":true}]}}