{"id":10492,"date":"2020-08-14T11:29:19","date_gmt":"2020-08-14T09:29:19","guid":{"rendered":"https:\/\/7muaythai.com\/product\/habitacion-compartida-vip\/"},"modified":"2024-02-01T06:49:43","modified_gmt":"2024-02-01T05:49:43","slug":"habitacion-grupo","status":"publish","type":"product","link":"https:\/\/7muaythai.com\/es\/producto\/habitacion-grupo\/","title":{"rendered":"HABITACI\u00d3N PARA GRUPOS"},"content":{"rendered":"<p>Las habitaciones para grupos son la opci\u00f3n perfecta para aquellos que desean estar cerca de sus amigos y compa\u00f1eros de viaje (con capacidad para 4\/5 personas). En comparaci\u00f3n con las habitaciones compartidas cl\u00e1sicas, ofrecen algunas<strong> comodidades adicionales<\/strong> como un ba\u00f1o privado con ducha interna. Cada miembro del grupo tiene una cama individual y la habitaci\u00f3n est\u00e1 equipada con un gran ventilador de techo, muy cerca de la piscina.\u00bb<\/p>\n<p>Los precios con todo incluido son:<\/p>\n<ul>\n<li>\n<h6>4 SEMANAS 36.400 BAHT (\u00b1 1.056 \u20ac \/ 1.255 $)*<\/h6>\n<\/li>\n<li>8 semanas 66.584 baht (\u00b1 1.930 \u20ac \/ 2.296 $)*<\/li>\n<li>12 semanas 87.864 baht (\u00b1 2.547 \u20ac \/ 3.030 $)*<\/li>\n<\/ul>\n<p><strong>IMPORTANTE:<\/strong> los precios se aplican solo a reservas y pagos por anticipado.<\/p>\n<p>Qu\u00e9 incluyen los paquetes:<\/p>\n<ul>\n<li>2 entrenamientos diarios (ma\u00f1ana 7:00 \u2013 tarde 15:00)*<\/li>\n<li>Una cama individual en una habitaci\u00f3n compartida de 4\/5 camas<\/li>\n<li>3 comidas diarias (la comida se sirve en un restaurante fuera del resort) *<br \/>\n(Servimos comida tailandesa saludable, un men\u00fa especial para atletas, sin el uso de sal, az\u00facar y glutamato monos\u00f3dico)<\/li>\n<li>El <strong>uso de la piscina<\/strong> y el acceso a todas las \u00e1reas del resort (Estamos a 1 km de una playa hermosa y tranquila)<\/li>\n<\/ul>\n<p><strong><em>* El domingo no hay entrenamiento ni se sirve comida.<\/em><\/strong><\/p>\n<p><em>*Los precios en Euros y USD son aproximados y est\u00e1n sujetos a cambios debido a la fluctuaci\u00f3n de la moneda<\/em><\/p>\n<p><span style=\"font-size: 8pt;\">El precio de entrada (sin reserva) parte de 2.000 baht por persona.<\/span><\/p>\n","protected":false},"excerpt":{"rendered":"<p>HABITACI\u00d3N COMPARTIDA VIP 4 semanas<\/p>\n","protected":false},"featured_media":8755,"template":"","meta":{"_seopress_robots_primary_cat":"none","_seopress_titles_title":"","_seopress_titles_desc":"","_seopress_robots_index":"","_joinchat":[]},"product_brand":[],"product_cat":[144,146],"product_tag":[],"class_list":{"0":"post-10492","1":"product","2":"type-product","3":"status-publish","4":"has-post-thumbnail","6":"product_cat-habitaciones-compartidas","7":"product_cat-habitacion-compartida-vip","9":"first","10":"instock","11":"virtual","12":"sold-individually","13":"purchasable","14":"product-type-simple"},"_links":{"self":[{"href":"https:\/\/7muaythai.com\/es\/wp-json\/wp\/v2\/product\/10492"}],"collection":[{"href":"https:\/\/7muaythai.com\/es\/wp-json\/wp\/v2\/product"}],"about":[{"href":"https:\/\/7muaythai.com\/es\/wp-json\/wp\/v2\/types\/product"}],"wp:featuredmedia":[{"embeddable":true,"href":"https:\/\/7muaythai.com\/es\/wp-json\/wp\/v2\/media\/8755"}],"wp:attachment":[{"href":"https:\/\/7muaythai.com\/es\/wp-json\/wp\/v2\/media?parent=10492"}],"wp:term":[{"taxonomy":"product_brand","embeddable":true,"href":"https:\/\/7muaythai.com\/es\/wp-json\/wp\/v2\/product_brand?post=10492"},{"taxonomy":"product_cat","embeddable":true,"href":"https:\/\/7muaythai.com\/es\/wp-json\/wp\/v2\/product_cat?post=10492"},{"taxonomy":"product_tag","embeddable":true,"href":"https:\/\/7muaythai.com\/es\/wp-json\/wp\/v2\/product_tag?post=10492"}],"curies":[{"name":"wp","href":"https:\/\/api.w.org\/{rel}","templated":true}]}}