{"id":9632,"date":"2020-08-25T07:59:00","date_gmt":"2020-08-25T05:59:00","guid":{"rendered":"https:\/\/7muaythai.com\/product\/1-ano-en-tailandia-para-convertirse-en-nak-muay\/"},"modified":"2022-10-16T09:08:30","modified_gmt":"2022-10-16T07:08:30","slug":"1-ano-en-tailandia-para-convertirse-en-nak-muay","status":"publish","type":"product","link":"https:\/\/7muaythai.com\/es\/producto\/1-ano-en-tailandia-para-convertirse-en-nak-muay\/","title":{"rendered":"1 a\u00f1o en Tailandia para convertirse en Nak Muay"},"content":{"rendered":"<p>Los precios con todo incluido son:<\/p>\n<ul>\n<li>4 meses (16 semanas): 96.320 baht (\u00b1 2.833 \u20ac \/ 2.919 $)*<\/li>\n<li><span style=\"font-size: 14pt;\">6 meses (24 semanas): 132.720 baht (\u00b1 3.904 \u20ac \/ 4.021 $)* &#8211; best seller<\/span><\/li>\n<li>\n<h6>1 A\u00d1O (52 SEMANAS) (364 D\u00cdAS) = 276.640 BAHT (\u00b1 8.136 \u20ac \/ 8.383 $) *<\/h6>\n<\/li>\n<\/ul>\n<p><strong>IMPORTANTE<\/strong>: los precios son v\u00e1lidos solo bajo reserva y pago anticipado.<\/p>\n<p>\u00bfQu\u00e9 incluyen los paquetes?\u00bb<\/p>\n<ul>\n<li>2 sesiones de entrenamiento diarias * <strong>(Ma\u00f1ana 7:00 a.m\u00a0 &#8211; Tarde 3:00 p.m)<\/strong><\/li>\n<li>Una cama individual en la habitaci\u00f3n \u00abboxer room\u00bb, <strong>compartida<\/strong> con 5\/8 camas y con ventiladores de techo.<\/li>\n<li><strong>3 comidas diarias<\/strong> (la comida se sirve en un restaurante fuera del resort) *<br \/>\n(Servimos comida tailandesa saludable, un men\u00fa especial para deportistas &#8211; <a style=\"font-size: 14px; background-color: #ffffff;\" href=\"https:\/\/7muaythai.com\/es\/la-comida-tailandesa-es-genial-pero-ten-cuidado-con-el-msg\/\">m\u00e1s informaci\u00f3n<\/a><span style=\"font-size: 14px;\">)<\/span><\/li>\n<li>El <strong>uso de la piscina<\/strong> y el acceso a todas las \u00e1reas del resort (Nos ubicamos a 1 km de una hermosa y tranquila playa)<\/li>\n<\/ul>\n<p><strong><em>* No hay entrenamiento y comida el domingo.<\/em><\/strong><\/p>\n<p><em>* Los precios en euros y d\u00f3lares estadounidenses son aproximados y est\u00e1n sujetos a cambios debido a la fluctuaci\u00f3n de la moneda.<\/em><\/p>\n<p><span style=\"font-size: 8pt;\">El precio sin reserva previa partir\u00e1 de los 2.000 baht por persona.<\/span><\/p>\n","protected":false},"excerpt":{"rendered":"<p>1 a\u00f1o en Tailandia para convertirse en \u00abNak Muay\u00bb<\/p>\n","protected":false},"featured_media":8921,"template":"","meta":{"_seopress_robots_primary_cat":"none","_seopress_titles_title":"","_seopress_titles_desc":"","_seopress_robots_index":"","_joinchat":[]},"product_brand":[],"product_cat":[144,145],"product_tag":[],"class_list":{"0":"post-9632","1":"product","2":"type-product","3":"status-publish","4":"has-post-thumbnail","6":"product_cat-habitaciones-compartidas","7":"product_cat-habitacion-boxer-room","9":"first","10":"instock","11":"virtual","12":"purchasable","13":"product-type-simple"},"_links":{"self":[{"href":"https:\/\/7muaythai.com\/es\/wp-json\/wp\/v2\/product\/9632"}],"collection":[{"href":"https:\/\/7muaythai.com\/es\/wp-json\/wp\/v2\/product"}],"about":[{"href":"https:\/\/7muaythai.com\/es\/wp-json\/wp\/v2\/types\/product"}],"wp:featuredmedia":[{"embeddable":true,"href":"https:\/\/7muaythai.com\/es\/wp-json\/wp\/v2\/media\/8921"}],"wp:attachment":[{"href":"https:\/\/7muaythai.com\/es\/wp-json\/wp\/v2\/media?parent=9632"}],"wp:term":[{"taxonomy":"product_brand","embeddable":true,"href":"https:\/\/7muaythai.com\/es\/wp-json\/wp\/v2\/product_brand?post=9632"},{"taxonomy":"product_cat","embeddable":true,"href":"https:\/\/7muaythai.com\/es\/wp-json\/wp\/v2\/product_cat?post=9632"},{"taxonomy":"product_tag","embeddable":true,"href":"https:\/\/7muaythai.com\/es\/wp-json\/wp\/v2\/product_tag?post=9632"}],"curies":[{"name":"wp","href":"https:\/\/api.w.org\/{rel}","templated":true}]}}