{"id":9634,"date":"2020-08-14T11:05:38","date_gmt":"2020-08-14T09:05:38","guid":{"rendered":"https:\/\/7muaythai.com\/product\/paquete-de-vacaciones-7-muay-thai\/"},"modified":"2022-10-16T09:16:13","modified_gmt":"2022-10-16T07:16:13","slug":"paquete-de-vacaciones-7-muay-thai","status":"publish","type":"product","link":"https:\/\/7muaythai.com\/es\/producto\/paquete-de-vacaciones-7-muay-thai\/","title":{"rendered":"PAQUETE DE VACACIONES 7 MUAY THAI"},"content":{"rendered":"<p>El paquete de vacaciones est\u00e1 dise\u00f1ado para cualquiera que quiera combinar unas vacaciones en un c\u00f3modo resort con un entrenamiento de Muay Thai \u201creal\u201d. A solo 2 horas en coche del aeropuerto de Bangkok, estar\u00e1 cerca de una playa incre\u00edble y tranquila, inmerso en una naturaleza sin contaminaci\u00f3n y listo para aprender el arte del boxeo tailand\u00e9s.<\/p>\n<p>Los precios con todo incluidos son:<\/p>\n<ul>\n<li>\n<h6>1 SEMANA 10.255 BAHT (\u00b1 297 \u20ac \/ 354 $) *<\/h6>\n<\/li>\n<li>2 semanas 17.220 baht (\u00b1 499 \u20ac \/ 594 $)*<\/li>\n<li>3 semanas 23.520 baht (\u00b1 682 \u20ac \/ 811 $)*<\/li>\n<li>4 semanas (1 mes) 27.440 baht (\u00b1 795 \u20ac \/ 946 $)*<\/li>\n<\/ul>\n<p><strong>IMPORTANTE<\/strong>: los precios son v\u00e1lidos solo bajo reserva y pago anticipado.<\/p>\n<p>\u00bfQu\u00e9 incluyen los paquetes?:<\/p>\n<ul>\n<li>2 sesiones de entrenamiento diarias * <strong>(Ma\u00f1ana 7:00 a.m\u00a0 &#8211; Tarde 3:00 p.m)<\/strong><\/li>\n<li>Una cama individual en la habitaci\u00f3n boxer room, <strong>compartida<\/strong> con 5\/8 camas y con ventiladores de techo.<\/li>\n<li><strong>3 comidas diarias<\/strong> (la comida se sirve en un restaurante fuera del resort) *<br \/>\n(Servimos comida tailandesa saludable, un men\u00fa especial para deportistas &#8211; <a href=\"https:\/\/7muaythai.com\/es\/la-comida-tailandesa-es-genial-pero-ten-cuidado-con-el-msg\/\">m\u00e1s informaci\u00f3n<\/a>)<\/li>\n<li>El <strong>uso de la piscina<\/strong> y el acceso a todas las \u00e1reas del resort (Nos ubicamos a 1 km de una hermosa y tranquila playa)<\/li>\n<\/ul>\n<p><em><strong>* No hay entrenamiento y comida el domingo<\/strong>.<\/em><\/p>\n<p><em>* Los precios en euros y d\u00f3lares estadounidenses son aproximados y est\u00e1n sujetos a cambios debido a la fluctuaci\u00f3n de la moneda.<\/em><\/p>\n<p><span style=\"font-size: 8pt;\">El precio sin reserva previa partir\u00e1 de los 2.000 baht por persona.<\/span><\/p>\n<p>&nbsp;<\/p>\n<p>&nbsp;<\/p>\n","protected":false},"excerpt":{"rendered":"<p>1 semana en la habitaci\u00f3n compartida \u00abboxer room\u00bb<\/p>\n","protected":false},"featured_media":9083,"template":"","meta":{"_seopress_robots_primary_cat":"none","_seopress_titles_title":"","_seopress_titles_desc":"","_seopress_robots_index":"","_joinchat":[]},"product_brand":[],"product_cat":[144,145],"product_tag":[],"class_list":{"0":"post-9634","1":"product","2":"type-product","3":"status-publish","4":"has-post-thumbnail","6":"product_cat-habitaciones-compartidas","7":"product_cat-habitacion-boxer-room","9":"first","10":"instock","11":"virtual","12":"sold-individually","13":"purchasable","14":"product-type-simple"},"_links":{"self":[{"href":"https:\/\/7muaythai.com\/es\/wp-json\/wp\/v2\/product\/9634"}],"collection":[{"href":"https:\/\/7muaythai.com\/es\/wp-json\/wp\/v2\/product"}],"about":[{"href":"https:\/\/7muaythai.com\/es\/wp-json\/wp\/v2\/types\/product"}],"wp:featuredmedia":[{"embeddable":true,"href":"https:\/\/7muaythai.com\/es\/wp-json\/wp\/v2\/media\/9083"}],"wp:attachment":[{"href":"https:\/\/7muaythai.com\/es\/wp-json\/wp\/v2\/media?parent=9634"}],"wp:term":[{"taxonomy":"product_brand","embeddable":true,"href":"https:\/\/7muaythai.com\/es\/wp-json\/wp\/v2\/product_brand?post=9634"},{"taxonomy":"product_cat","embeddable":true,"href":"https:\/\/7muaythai.com\/es\/wp-json\/wp\/v2\/product_cat?post=9634"},{"taxonomy":"product_tag","embeddable":true,"href":"https:\/\/7muaythai.com\/es\/wp-json\/wp\/v2\/product_tag?post=9634"}],"curies":[{"name":"wp","href":"https:\/\/api.w.org\/{rel}","templated":true}]}}