{"id":9635,"date":"2020-07-22T09:37:41","date_gmt":"2020-07-22T07:37:41","guid":{"rendered":"https:\/\/7muaythai.com\/product\/promocion-boxer-room\/"},"modified":"2022-10-16T09:57:29","modified_gmt":"2022-10-16T07:57:29","slug":"promocion-boxer-room","status":"publish","type":"product","link":"https:\/\/7muaythai.com\/es\/producto\/promocion-boxer-room\/","title":{"rendered":"PROMOCI\u00d3N BOXER ROOM"},"content":{"rendered":"<p>Los precios con todo incluido son:<\/p>\n<ul>\n<li>\n<h6>4 SEMANAS por 27.440 BAHT (\u00b1 796 \u20ac \/ 946 $) *<\/h6>\n<\/li>\n<li>8 semanas por 50.400 baht (\u00b1 1.461 \u20ac \/ 1.738 $)*<\/li>\n<li>12 semanas por 72.240 baht (\u00b1 2.094 \u20ac \/ 2.491 $)*<\/li>\n<\/ul>\n<p><strong>IMPORTANTE<\/strong>: los precios son v\u00e1lidos solo bajo reserva y pago anticipado.<\/p>\n<p>\u00bfQu\u00e9 incluyen los paquetes?:<\/p>\n<ul>\n<li>2 sesiones de entrenamiento diarias * <strong>(Ma\u00f1ana 7:00 a.m\u00a0 &#8211; Tarde 3:00 p.m)<\/strong><\/li>\n<li>Una cama individual en la habitaci\u00f3n boxer room,<strong> compartida<\/strong> con 5\/8 camas y con ventiladores de techo.<\/li>\n<li><strong>3 comidas diarias<\/strong> (la comida se sirve en un restaurante fuera del resort) *<br \/>\n(Servimos comida tailandesa saludable, un men\u00fa especial para deportistas &#8211; <a href=\"https:\/\/7muaythai.com\/es\/la-comida-tailandesa-es-genial-pero-ten-cuidado-con-el-msg\/\">m\u00e1s informaci\u00f3n<\/a>)<\/li>\n<li>El <strong>uso de la piscina<\/strong> y el acceso a todas las \u00e1reas del resort (Nos ubicamos a 1 km de una hermosa y tranquila playa)<\/li>\n<\/ul>\n<p><em><strong>* No hay entrenamiento y comida el domingo.<\/strong><\/em><\/p>\n<p><em>* Los precios en euros y d\u00f3lares estadounidenses son aproximados y est\u00e1n sujetos a cambios debido a la fluctuaci\u00f3n de la moneda.<\/em><\/p>\n<p><span style=\"font-size: 8pt;\">El precio sin reserva previa partir\u00e1 de los 2.000 baht por persona.<\/span><\/p>\n","protected":false},"excerpt":{"rendered":"<p class=\"Cuerpo\"><span lang=\"ES-TRAD\">1 mes en habitaci<\/span><span lang=\"ES-TRAD\" style=\"font-family: 'Arial Unicode MS',serif;\">\u00f3<\/span><span lang=\"ES-TRAD\">n compartida \u00abBoxer Room\u00bb<\/span><\/p>\n","protected":false},"featured_media":7702,"template":"","meta":{"_seopress_robots_primary_cat":"none","_seopress_titles_title":"","_seopress_titles_desc":"","_seopress_robots_index":"","_joinchat":[]},"product_brand":[],"product_cat":[144,145],"product_tag":[],"class_list":{"0":"post-9635","1":"product","2":"type-product","3":"status-publish","4":"has-post-thumbnail","6":"product_cat-habitaciones-compartidas","7":"product_cat-habitacion-boxer-room","9":"first","10":"instock","11":"virtual","12":"sold-individually","13":"purchasable","14":"product-type-simple"},"_links":{"self":[{"href":"https:\/\/7muaythai.com\/es\/wp-json\/wp\/v2\/product\/9635"}],"collection":[{"href":"https:\/\/7muaythai.com\/es\/wp-json\/wp\/v2\/product"}],"about":[{"href":"https:\/\/7muaythai.com\/es\/wp-json\/wp\/v2\/types\/product"}],"wp:featuredmedia":[{"embeddable":true,"href":"https:\/\/7muaythai.com\/es\/wp-json\/wp\/v2\/media\/7702"}],"wp:attachment":[{"href":"https:\/\/7muaythai.com\/es\/wp-json\/wp\/v2\/media?parent=9635"}],"wp:term":[{"taxonomy":"product_brand","embeddable":true,"href":"https:\/\/7muaythai.com\/es\/wp-json\/wp\/v2\/product_brand?post=9635"},{"taxonomy":"product_cat","embeddable":true,"href":"https:\/\/7muaythai.com\/es\/wp-json\/wp\/v2\/product_cat?post=9635"},{"taxonomy":"product_tag","embeddable":true,"href":"https:\/\/7muaythai.com\/es\/wp-json\/wp\/v2\/product_tag?post=9635"}],"curies":[{"name":"wp","href":"https:\/\/api.w.org\/{rel}","templated":true}]}}