{"id":9636,"date":"2020-08-21T10:24:46","date_gmt":"2020-08-21T08:24:46","guid":{"rendered":"https:\/\/7muaythai.com\/product\/luna-de-miel-thai-boxe-para-parejas\/"},"modified":"2022-10-16T08:36:10","modified_gmt":"2022-10-16T06:36:10","slug":"luna-de-miel-thai-boxe-para-parejas","status":"publish","type":"product","link":"https:\/\/7muaythai.com\/es\/producto\/luna-de-miel-thai-boxe-para-parejas\/","title":{"rendered":"\u201cLUNA DE MIEL THAI BOXE\u201d PARA PAREJAS"},"content":{"rendered":"<p>\u00a1No te preocupes! No es necesario estar casado, esta oferta es v\u00e1lida para <strong>todo tipo de parejas.<\/strong><\/p>\n<p>Esta promoci\u00f3n ofrece como alojamiento una habitaci\u00f3n doble. Uno de los miembros de la pareja formar\u00e1 parte del <strong>programa de entrenamiento completo<\/strong> y el otro podr\u00e1 <strong>probarlo<\/strong> (1 sesi\u00f3n por d\u00eda) y disfrutar de nuestro resort con piscina (1 km de la playa \/ 10 minutos a pie o 2 minutos de viaje).<\/p>\n<p>El curso completo de Muay Thai es solo para 1 persona, mientras que el compa\u00f1ero puede usar las instalaciones libremente por su cuenta y trabajar con los entrenadores tailandeses <strong>1 vez al d\u00eda.<\/strong><\/p>\n<p>Para las parejas que quieran participar ambos en el curso completo de Muay Thai, estaremos encantados de hacerles un presupuesto espec\u00edfico a trav\u00e9s del correo electr\u00f3nico: <em>7muaythaigym@gmail.com.<\/em><\/p>\n<p>El precio con todo incluido ofrece:<\/p>\n<ul>\n<li>\n<h6>1 SEMANA PARA 2 PERSONAS 19.600 BAHT (\u00b1 568 \u20ac \/ 676 $) *<\/h6>\n<\/li>\n<li>2 semanas para 2 personas 36.400 baht (\u00b1 1.055 \u20ac \/ 1.255 $)*<\/li>\n<li>4 semanas (28 d\u00edas) para 2 personas 70.000 baht (\u00b1 2.028 \u20ac \/ 2.413 $)*<\/li>\n<\/ul>\n<p><strong>IMPORTANTE<\/strong>: los precios son v\u00e1lidos solo bajo reserva y pago anticipado.<\/p>\n<p>\u00bfQu\u00e9 incluyen los paquetes?:<\/p>\n<ul>\n<li>2 sesiones de<strong> entrenamiento<\/strong> diarias <strong>para uno de los miembros<\/strong> de la pareja * <strong>(Ma\u00f1ana 7.00 a.m. &#8211; Tarde 3.00 p.m.)<\/strong>. La otra persona podr\u00e1 entrenar <strong>una vez al d\u00eda.<\/strong><\/li>\n<li>Alojamiento en una <strong>habitaci\u00f3n doble<\/strong> con vistas a la piscina, con un gran ventilador de techo (aire acondicionado opcional por 200 baht extra por d\u00eda)<\/li>\n<li><strong>3 comidas diarias<\/strong> (la comida se sirve en un restaurante fuera del resort) *<br \/>\n(Servimos comida tailandesa saludable, un men\u00fa especial para deportistas; <a href=\"https:\/\/7muaythai.com\/es\/la-comida-tailandesa-es-genial-pero-ten-cuidado-con-el-msg\/\">m\u00e1s informaci\u00f3n<\/a>)<\/li>\n<\/ul>\n<p><em><strong>* No hay entrenamiento y comida el domingo.<\/strong><\/em><\/p>\n<p><em>* Los precios en euros y d\u00f3lares estadounidenses son aproximados y est\u00e1n sujetos a cambios debido a la fluctuaci\u00f3n de la moneda.<\/em><\/p>\n<p><span style=\"font-size: 8pt;\">El precio sin reserva previa partir\u00e1 de los 2.000 baht por persona.<\/span><\/p>\n","protected":false},"excerpt":{"rendered":"<p>1 semana para 2 personas (paquete luna de miel)<\/p>\n","protected":false},"featured_media":8760,"template":"","meta":{"_seopress_robots_primary_cat":"none","_seopress_titles_title":"","_seopress_titles_desc":"","_seopress_robots_index":"","_joinchat":[]},"product_brand":[],"product_cat":[141],"product_tag":[],"class_list":{"0":"post-9636","1":"product","2":"type-product","3":"status-publish","4":"has-post-thumbnail","6":"product_cat-habitacion-doble","8":"first","9":"instock","10":"virtual","11":"purchasable","12":"product-type-simple"},"_links":{"self":[{"href":"https:\/\/7muaythai.com\/es\/wp-json\/wp\/v2\/product\/9636"}],"collection":[{"href":"https:\/\/7muaythai.com\/es\/wp-json\/wp\/v2\/product"}],"about":[{"href":"https:\/\/7muaythai.com\/es\/wp-json\/wp\/v2\/types\/product"}],"wp:featuredmedia":[{"embeddable":true,"href":"https:\/\/7muaythai.com\/es\/wp-json\/wp\/v2\/media\/8760"}],"wp:attachment":[{"href":"https:\/\/7muaythai.com\/es\/wp-json\/wp\/v2\/media?parent=9636"}],"wp:term":[{"taxonomy":"product_brand","embeddable":true,"href":"https:\/\/7muaythai.com\/es\/wp-json\/wp\/v2\/product_brand?post=9636"},{"taxonomy":"product_cat","embeddable":true,"href":"https:\/\/7muaythai.com\/es\/wp-json\/wp\/v2\/product_cat?post=9636"},{"taxonomy":"product_tag","embeddable":true,"href":"https:\/\/7muaythai.com\/es\/wp-json\/wp\/v2\/product_tag?post=9636"}],"curies":[{"name":"wp","href":"https:\/\/api.w.org\/{rel}","templated":true}]}}