{"id":9637,"date":"2020-08-21T10:02:05","date_gmt":"2020-08-21T08:02:05","guid":{"rendered":"https:\/\/7muaythai.com\/product\/3-semanas-todo-incluido-para-2-personas\/"},"modified":"2022-10-16T08:19:59","modified_gmt":"2022-10-16T06:19:59","slug":"3-semanas-todo-incluido-para-2-personas","status":"publish","type":"product","link":"https:\/\/7muaythai.com\/es\/producto\/3-semanas-todo-incluido-para-2-personas\/","title":{"rendered":"3 SEMANAS TODO INCLUIDO PARA 2 PERSONAS"},"content":{"rendered":"<p>El precio con todo incluido ofrece:<\/p>\n<p>&nbsp;<\/p>\n<h6>3 SEMANAS (21 D\u00cdAS) TODO INCLUIDO POR 31.500 BAHT (\u00b1 914 \u20ac \/ 1.086 $) * POR PERSONA<\/h6>\n<p>Todas las habitaciones se pueden utilizar como <strong>habitaci\u00f3n individual<\/strong>, en ese caso el precio varia a <strong style=\"font-family: Montserrat, sans-serif; font-size: 14px; font-style: normal;\">36.750 baht<\/strong><span style=\"font-family: Montserrat, sans-serif; font-size: 14px; font-style: normal; font-weight: 400;\"> (\u00b1 1.065 \u20ac \/ 1.267 $)*<\/span><\/p>\n<p><strong>IMPORTANTE<\/strong>: los precios son v\u00e1lidos solo bajo reserva y pago anticipado.<\/p>\n<p>\u00bfQu\u00e9 incluyen los paquetes?:<\/p>\n<ul>\n<li>2 sesiones de entrenamiento diarias *<strong> (Ma\u00f1ana 7.00 a.m. &#8211; Tarde 3.00 p.m.)<\/strong><\/li>\n<li>Alojamiento en una <strong>habitaci\u00f3n doble<\/strong> con vistas a la piscina, con un gran ventilador de techo (aire acondicionado opcional por 200 baht extra por d\u00eda)<\/li>\n<li><strong>3 comidas diarias<\/strong> (la comida se sirve en un restaurante fuera del resort) *<br \/>\n(Servimos comida tailandesa saludable, un men\u00fa especial para deportistas; <a href=\"https:\/\/7muaythai.com\/es\/la-comida-tailandesa-es-genial-pero-ten-cuidado-con-el-msg\/\">m\u00e1s informaci\u00f3n<\/a>)<\/li>\n<\/ul>\n<p><em><strong>* No hay entrenamiento y comida el domingo.<\/strong><\/em><\/p>\n<p><em>* Los precios en euros y d\u00f3lares estadounidenses son aproximados y est\u00e1n sujetos a cambios debido a la fluctuaci\u00f3n de la moneda.<\/em><\/p>\n<p><span style=\"font-size: 8pt;\">El precio sin reserva previa partir\u00e1 de los 2.000 baht por persona.<\/span><\/p>\n<p>&nbsp;<\/p>\n","protected":false},"excerpt":{"rendered":"<p>Paquete con todo incluido durante tres semanas (habitaci\u00f3n doble)<\/p>\n","protected":false},"featured_media":8651,"template":"","meta":{"_seopress_robots_primary_cat":"none","_seopress_titles_title":"","_seopress_titles_desc":"","_seopress_robots_index":"","_joinchat":[]},"product_brand":[],"product_cat":[147,141],"product_tag":[],"class_list":{"0":"post-9637","1":"product","2":"type-product","3":"status-publish","4":"has-post-thumbnail","6":"product_cat-habitacion-individual","7":"product_cat-habitacion-doble","9":"first","10":"instock","11":"virtual","12":"purchasable","13":"product-type-simple"},"_links":{"self":[{"href":"https:\/\/7muaythai.com\/es\/wp-json\/wp\/v2\/product\/9637"}],"collection":[{"href":"https:\/\/7muaythai.com\/es\/wp-json\/wp\/v2\/product"}],"about":[{"href":"https:\/\/7muaythai.com\/es\/wp-json\/wp\/v2\/types\/product"}],"wp:featuredmedia":[{"embeddable":true,"href":"https:\/\/7muaythai.com\/es\/wp-json\/wp\/v2\/media\/8651"}],"wp:attachment":[{"href":"https:\/\/7muaythai.com\/es\/wp-json\/wp\/v2\/media?parent=9637"}],"wp:term":[{"taxonomy":"product_brand","embeddable":true,"href":"https:\/\/7muaythai.com\/es\/wp-json\/wp\/v2\/product_brand?post=9637"},{"taxonomy":"product_cat","embeddable":true,"href":"https:\/\/7muaythai.com\/es\/wp-json\/wp\/v2\/product_cat?post=9637"},{"taxonomy":"product_tag","embeddable":true,"href":"https:\/\/7muaythai.com\/es\/wp-json\/wp\/v2\/product_tag?post=9637"}],"curies":[{"name":"wp","href":"https:\/\/api.w.org\/{rel}","templated":true}]}}