{"id":9638,"date":"2020-08-14T11:48:15","date_gmt":"2020-08-14T09:48:15","guid":{"rendered":"https:\/\/7muaythai.com\/product\/1-semana-en-habitacion-individual\/"},"modified":"2022-10-15T09:54:39","modified_gmt":"2022-10-15T07:54:39","slug":"1-semana-en-habitacion-individual","status":"publish","type":"product","link":"https:\/\/7muaythai.com\/es\/producto\/1-semana-en-habitacion-individual\/","title":{"rendered":"1 SEMANA EN HABITACI\u00d3N INDIVIDUAL"},"content":{"rendered":"<p>El precio incluye:<\/p>\n<p>&nbsp;<\/p>\n<h6>1 SEMANA POR 12.950 BAHT (\u00b1 375 \u20ac \/ 447 $) *<\/h6>\n<p>Todas las habitaciones se pueden utilizar como<strong> dobles<\/strong>, en cuyo caso se aplica un descuento quedando un precio final de <strong>11.200 baht<\/strong> (\u00b1 324 \u20ac \/ 386 $)* \u00a0por persona.<\/p>\n<p><strong>IMPORTANTE<\/strong>: los precios son v\u00e1lidos solo bajo reserva y pago anticipado.<\/p>\n<p>\u00bfQu\u00e9 incluyen los paquetes?:<\/p>\n<ul>\n<li>2 sesiones de entrenamiento diarias *<strong> (Ma\u00f1ana 7.00 a.m. &#8211; Tarde 3.00 p.m.)<\/strong><\/li>\n<li>Alojamiento en una <strong>habitaci\u00f3n individual<\/strong> con vistas a la piscina, con un gran ventilador de techo (aire acondicionado opcional por 200 baht extra por d\u00eda)<\/li>\n<li><strong>3 comidas diarias<\/strong> (la comida se sirve en un restaurante fuera del resort) *<br \/>\n(Servimos comida tailandesa saludable, un men\u00fa especial para deportistas; <a href=\"https:\/\/7muaythai.com\/es\/la-comida-tailandesa-es-genial-pero-ten-cuidado-con-el-msg\/\">m\u00e1s informaci\u00f3n<\/a>)<\/li>\n<\/ul>\n<p><em><strong>* No hay entrenamiento y comida el domingo.<\/strong><\/em><\/p>\n<p><em>* Los precios en euros y d\u00f3lares estadounidenses son aproximados y est\u00e1n sujetos a cambios debido a la fluctuaci\u00f3n de la moneda.<\/em><\/p>\n<p><span style=\"font-size: 8pt;\">El precio sin reserva previa partir\u00e1 de los 2.000 baht por persona.<\/span><\/p>\n<p>&nbsp;<\/p>\n","protected":false},"excerpt":{"rendered":"<p>El precio incluye: &nbsp; 1 SEMANA POR 12.950 BAHT (\u00b1 375 \u20ac \/ 447 $) * Todas las habitaciones se pueden utilizar como&hellip;<\/p>\n","protected":false},"featured_media":8646,"template":"","meta":{"_seopress_robots_primary_cat":"none","_seopress_titles_title":"","_seopress_titles_desc":"","_seopress_robots_index":"","_seopress_analysis_target_kw":"","_joinchat":[]},"product_brand":[],"product_cat":[147,141],"product_tag":[],"class_list":{"0":"post-9638","1":"product","2":"type-product","3":"status-publish","4":"has-post-thumbnail","6":"product_cat-habitacion-individual","7":"product_cat-habitacion-doble","9":"first","10":"instock","11":"virtual","12":"purchasable","13":"product-type-simple"},"_links":{"self":[{"href":"https:\/\/7muaythai.com\/es\/wp-json\/wp\/v2\/product\/9638"}],"collection":[{"href":"https:\/\/7muaythai.com\/es\/wp-json\/wp\/v2\/product"}],"about":[{"href":"https:\/\/7muaythai.com\/es\/wp-json\/wp\/v2\/types\/product"}],"wp:featuredmedia":[{"embeddable":true,"href":"https:\/\/7muaythai.com\/es\/wp-json\/wp\/v2\/media\/8646"}],"wp:attachment":[{"href":"https:\/\/7muaythai.com\/es\/wp-json\/wp\/v2\/media?parent=9638"}],"wp:term":[{"taxonomy":"product_brand","embeddable":true,"href":"https:\/\/7muaythai.com\/es\/wp-json\/wp\/v2\/product_brand?post=9638"},{"taxonomy":"product_cat","embeddable":true,"href":"https:\/\/7muaythai.com\/es\/wp-json\/wp\/v2\/product_cat?post=9638"},{"taxonomy":"product_tag","embeddable":true,"href":"https:\/\/7muaythai.com\/es\/wp-json\/wp\/v2\/product_tag?post=9638"}],"curies":[{"name":"wp","href":"https:\/\/api.w.org\/{rel}","templated":true}]}}