{"id":9639,"date":"2020-08-20T09:42:12","date_gmt":"2020-08-20T07:42:12","guid":{"rendered":"https:\/\/7muaythai.com\/product\/1-2-mes-solo-o-con-un-amigo\/"},"modified":"2022-10-15T09:56:31","modified_gmt":"2022-10-15T07:56:31","slug":"1-2-mes-solo-o-con-un-amigo","status":"publish","type":"product","link":"https:\/\/7muaythai.com\/es\/producto\/1-2-mes-solo-o-con-un-amigo\/","title":{"rendered":"1\/2 MES SOLO O CON UN AMIGO"},"content":{"rendered":"<p>El precio incluye:<\/p>\n<ul>\n<li>4 semanas (28 d\u00edas) en una <strong>habitaci\u00f3n individual<\/strong> por 49.000 Baht (\u00b1 1.420 \u20ac \/ 1.690 $)*<\/li>\n<li>8 semanas (56 d\u00edas) en una <strong>habitaci\u00f3n individual<\/strong> por 92.400 Baht (\u00b1 2.678 \u20ac \/ 3.186 $)*<\/li>\n<\/ul>\n<p>Todas las habitaciones se pueden utilizar como <strong>dobles o twins<\/strong>; en ese caso se aplicar\u00e1 un descuento, cambiando el precio a:<\/p>\n<p>&nbsp;<\/p>\n<ul>\n<li>\n<h6>4 SEMANAS 42000 BAHT (\u00b1 1.218 \u20ac \/ 1.448 $) * POR PERSONA<\/h6>\n<\/li>\n<li>8 semanas 78.400 baht (\u00b1 2.272 \u20ac \/ 2.703 $)* por persona<\/li>\n<\/ul>\n<p><strong>IMPORTANTE<\/strong>: los precios son v\u00e1lidos solo bajo reserva y pago anticipado.<\/p>\n<p>\u00bfQu\u00e9 incluyen los paquetes?:<\/p>\n<ul>\n<li>2 sesiones de entrenamiento diarias *<strong> (Ma\u00f1ana 7.00 a.m. &#8211; Tarde 3.00 p.m.)<\/strong><\/li>\n<li>Alojamiento en una <strong>habitaci\u00f3n individual o doble <\/strong>con vistas a la piscina, con un gran ventilador de techo (aire acondicionado opcional por 200 baht extra por d\u00eda)<\/li>\n<li><strong>3 comidas diarias<\/strong> (la comida se sirve en un restaurante fuera del resort) * (Servimos comida tailandesa saludable, un men\u00fa especial para deportistas; <a href=\"https:\/\/7muaythai.com\/es\/la-comida-tailandesa-es-genial-pero-ten-cuidado-con-el-msg\/\">m\u00e1s informaci\u00f3n<\/a>)<\/li>\n<\/ul>\n<p><em><strong>* No hay entrenamiento y comida el domingo.<\/strong><\/em><\/p>\n<p><em>* Los precios en euros y d\u00f3lares estadounidenses son aproximados y est\u00e1n sujetos a cambios debido a la fluctuaci\u00f3n de la moneda.<\/em><\/p>\n<p><span style=\"font-size: 8pt;\">El precio sin reserva previa partir\u00e1 de los 2.000 baht por persona.<\/span><\/p>\n<p>&nbsp;<\/p>\n","protected":false},"excerpt":{"rendered":"<p class=\"Cuerpo\"><span lang=\"ES-TRAD\">1 mes para 2 personas en una habitaci<\/span><span lang=\"ES-TRAD\" style=\"font-family: 'Arial Unicode MS',serif;\">\u00f3<\/span><span lang=\"ES-TRAD\">n doble<\/span><\/p>\n","protected":false},"featured_media":8307,"template":"","meta":{"_seopress_robots_primary_cat":"none","_seopress_titles_title":"","_seopress_titles_desc":"","_seopress_robots_index":"","_seopress_analysis_target_kw":"","_joinchat":[]},"product_brand":[],"product_cat":[147,141],"product_tag":[],"class_list":{"0":"post-9639","1":"product","2":"type-product","3":"status-publish","4":"has-post-thumbnail","6":"product_cat-habitacion-individual","7":"product_cat-habitacion-doble","9":"first","10":"instock","11":"virtual","12":"purchasable","13":"product-type-simple"},"_links":{"self":[{"href":"https:\/\/7muaythai.com\/es\/wp-json\/wp\/v2\/product\/9639"}],"collection":[{"href":"https:\/\/7muaythai.com\/es\/wp-json\/wp\/v2\/product"}],"about":[{"href":"https:\/\/7muaythai.com\/es\/wp-json\/wp\/v2\/types\/product"}],"wp:featuredmedia":[{"embeddable":true,"href":"https:\/\/7muaythai.com\/es\/wp-json\/wp\/v2\/media\/8307"}],"wp:attachment":[{"href":"https:\/\/7muaythai.com\/es\/wp-json\/wp\/v2\/media?parent=9639"}],"wp:term":[{"taxonomy":"product_brand","embeddable":true,"href":"https:\/\/7muaythai.com\/es\/wp-json\/wp\/v2\/product_brand?post=9639"},{"taxonomy":"product_cat","embeddable":true,"href":"https:\/\/7muaythai.com\/es\/wp-json\/wp\/v2\/product_cat?post=9639"},{"taxonomy":"product_tag","embeddable":true,"href":"https:\/\/7muaythai.com\/es\/wp-json\/wp\/v2\/product_tag?post=9639"}],"curies":[{"name":"wp","href":"https:\/\/api.w.org\/{rel}","templated":true}]}}