{"id":9640,"date":"2020-08-21T10:06:53","date_gmt":"2020-08-21T08:06:53","guid":{"rendered":"https:\/\/7muaythai.com\/product\/10-dias-muay-thai-experience\/"},"modified":"2022-10-15T09:58:05","modified_gmt":"2022-10-15T07:58:05","slug":"10-dias-muay-thai-experience","status":"publish","type":"product","link":"https:\/\/7muaythai.com\/es\/producto\/10-dias-muay-thai-experience\/","title":{"rendered":"10 D\u00cdAS \u00abMUAY THAI EXPERIENCE\u00bb"},"content":{"rendered":"<p>Precio todo incluido:<\/p>\n<h6>PAQUETE DE 10 D\u00cdAS POR 18.850 BAHT (\u00b1 547 \u20ac \/ 650 $) *<\/h6>\n<p><strong>\u00a0IMPORTANTE<\/strong>: los precios son v\u00e1lidos solo bajo reserva y pago anticipado.<\/p>\n<p>\u00bfQu\u00e9 incluyen los paquetes?:<\/p>\n<ul>\n<li>2 sesiones de entrenamiento diarias *<strong> (Ma\u00f1ana 7.00 a.m. &#8211; Tarde 3.00 p.m.)<\/strong><\/li>\n<li>Alojamiento en una<strong> habitaci\u00f3n individual<\/strong> con vistas a la piscina, con un gran ventilador de techo (aire acondicionado opcional por 200 baht extra por d\u00eda)<\/li>\n<li><strong>3 comidas diarias<\/strong> (la comida se sirve en un restaurante fuera del resort) *<br \/>\n(Servimos comida tailandesa saludable, un men\u00fa especial para deportistas; <a href=\"https:\/\/7muaythai.com\/es\/la-comida-tailandesa-es-genial-pero-ten-cuidado-con-el-msg\/\">m\u00e1s informaci\u00f3n<\/a>)<\/li>\n<\/ul>\n<p><em><strong>* No hay entrenamiento y comida el domingo.<\/strong><\/em><\/p>\n<p><em>* Los precios en euros y d\u00f3lares estadounidenses son aproximados y est\u00e1n sujetos a cambios debido a la fluctuaci\u00f3n de la moneda.<\/em><\/p>\n<p><span style=\"font-size: 8pt;\">El precio sin reserva previa partir\u00e1 de los 2.000 baht por persona.<\/span><\/p>\n","protected":false},"excerpt":{"rendered":"<p>Paquete de 10 d\u00edas de Muay Thai<\/p>\n","protected":false},"featured_media":6799,"template":"","meta":{"_seopress_robots_primary_cat":"none","_seopress_titles_title":"","_seopress_titles_desc":"","_seopress_robots_index":"","_joinchat":[]},"product_brand":[],"product_cat":[147],"product_tag":[],"class_list":{"0":"post-9640","1":"product","2":"type-product","3":"status-publish","4":"has-post-thumbnail","6":"product_cat-habitacion-individual","8":"first","9":"instock","10":"virtual","11":"purchasable","12":"product-type-simple"},"_links":{"self":[{"href":"https:\/\/7muaythai.com\/es\/wp-json\/wp\/v2\/product\/9640"}],"collection":[{"href":"https:\/\/7muaythai.com\/es\/wp-json\/wp\/v2\/product"}],"about":[{"href":"https:\/\/7muaythai.com\/es\/wp-json\/wp\/v2\/types\/product"}],"wp:featuredmedia":[{"embeddable":true,"href":"https:\/\/7muaythai.com\/es\/wp-json\/wp\/v2\/media\/6799"}],"wp:attachment":[{"href":"https:\/\/7muaythai.com\/es\/wp-json\/wp\/v2\/media?parent=9640"}],"wp:term":[{"taxonomy":"product_brand","embeddable":true,"href":"https:\/\/7muaythai.com\/es\/wp-json\/wp\/v2\/product_brand?post=9640"},{"taxonomy":"product_cat","embeddable":true,"href":"https:\/\/7muaythai.com\/es\/wp-json\/wp\/v2\/product_cat?post=9640"},{"taxonomy":"product_tag","embeddable":true,"href":"https:\/\/7muaythai.com\/es\/wp-json\/wp\/v2\/product_tag?post=9640"}],"curies":[{"name":"wp","href":"https:\/\/api.w.org\/{rel}","templated":true}]}}