{"id":9641,"date":"2020-08-21T09:55:30","date_gmt":"2020-08-21T07:55:30","guid":{"rendered":"https:\/\/7muaythai.com\/product\/2-semanas-todo-incluido\/"},"modified":"2022-10-15T09:52:42","modified_gmt":"2022-10-15T07:52:42","slug":"2-semanas-todo-incluido","status":"publish","type":"product","link":"https:\/\/7muaythai.com\/es\/producto\/2-semanas-todo-incluido\/","title":{"rendered":"2 SEMANAS TODO INCLUIDO"},"content":{"rendered":"<p>Precio todo incluido:<\/p>\n<h6>2 SEMANAS (14 D\u00cdAS) TODO INCLUIDO POR 24.500 BAHT (\u00b1 711 \u20ac \/ 845 $) *<\/h6>\n<p>Todas las habitaciones se pueden utilizar como <strong>dobles<\/strong>, en cuyo caso se aplica un descuento siendo el precio final de <strong>21.000 baht<\/strong> (\u00b1 609 \u20ac \/ 724 $)*\u00a0por persona.<\/p>\n<p><strong>IMPORTANTE<\/strong>: los precios son v\u00e1lidos solo bajo reserva y pago anticipado.<\/p>\n<p>\u00bfQu\u00e9 incluyen los paquetes?:<\/p>\n<ul>\n<li>2 sesiones de entrenamiento diarias * <strong>(Ma\u00f1ana 7.00 a.m. &#8211; Tarde 3.00 p.m.)<\/strong><\/li>\n<li>Alojamiento en una<strong> habitaci\u00f3n individual<\/strong> con vistas a la piscina, con un gran ventilador de techo (aire acondicionado opcional por 200 baht extra por d\u00eda)<\/li>\n<li><strong>3 comidas diarias<\/strong> (la comida se sirve en un restaurante fuera del resort) *<br \/>\n(Servimos comida tailandesa saludable, un men\u00fa especial para deportistas; <a href=\"https:\/\/7muaythai.com\/es\/la-comida-tailandesa-es-genial-pero-ten-cuidado-con-el-msg\/\">m\u00e1s informaci\u00f3n<\/a>)<\/li>\n<\/ul>\n<p><em><strong>* No hay entrenamiento y comida el domingo.<\/strong><\/em><\/p>\n<p><em>* Los precios en euros y d\u00f3lares estadounidenses son aproximados y est\u00e1n sujetos a cambios debido a la fluctuaci\u00f3n de la moneda.<\/em><\/p>\n<p><span style=\"font-size: 8pt;\">El precio sin reserva previa partir\u00e1 de los 2.000 baht por persona.<\/span><\/p>\n<p>&nbsp;<\/p>\n","protected":false},"excerpt":{"rendered":"<p>Paquete de 2 semanas<\/p>\n","protected":false},"featured_media":8350,"template":"","meta":{"_seopress_robots_primary_cat":"none","_seopress_titles_title":"","_seopress_titles_desc":"","_seopress_robots_index":"","_joinchat":[]},"product_brand":[],"product_cat":[147,141],"product_tag":[],"class_list":{"0":"post-9641","1":"product","2":"type-product","3":"status-publish","4":"has-post-thumbnail","6":"product_cat-habitacion-individual","7":"product_cat-habitacion-doble","9":"first","10":"instock","11":"virtual","12":"purchasable","13":"product-type-simple"},"_links":{"self":[{"href":"https:\/\/7muaythai.com\/es\/wp-json\/wp\/v2\/product\/9641"}],"collection":[{"href":"https:\/\/7muaythai.com\/es\/wp-json\/wp\/v2\/product"}],"about":[{"href":"https:\/\/7muaythai.com\/es\/wp-json\/wp\/v2\/types\/product"}],"wp:featuredmedia":[{"embeddable":true,"href":"https:\/\/7muaythai.com\/es\/wp-json\/wp\/v2\/media\/8350"}],"wp:attachment":[{"href":"https:\/\/7muaythai.com\/es\/wp-json\/wp\/v2\/media?parent=9641"}],"wp:term":[{"taxonomy":"product_brand","embeddable":true,"href":"https:\/\/7muaythai.com\/es\/wp-json\/wp\/v2\/product_brand?post=9641"},{"taxonomy":"product_cat","embeddable":true,"href":"https:\/\/7muaythai.com\/es\/wp-json\/wp\/v2\/product_cat?post=9641"},{"taxonomy":"product_tag","embeddable":true,"href":"https:\/\/7muaythai.com\/es\/wp-json\/wp\/v2\/product_tag?post=9641"}],"curies":[{"name":"wp","href":"https:\/\/api.w.org\/{rel}","templated":true}]}}