{"id":9642,"date":"2020-08-25T08:13:14","date_gmt":"2020-08-25T06:13:14","guid":{"rendered":"https:\/\/7muaythai.com\/product\/6-semanas-de-curso-completo-de-muay-thai\/"},"modified":"2022-10-16T08:25:07","modified_gmt":"2022-10-16T06:25:07","slug":"6-semanas-de-curso-completo-de-muay-thai","status":"publish","type":"product","link":"https:\/\/7muaythai.com\/es\/producto\/6-semanas-de-curso-completo-de-muay-thai\/","title":{"rendered":"6 SEMANAS DE CURSO COMPLETO DE MUAY THAI"},"content":{"rendered":"<p>El precio incluye:<\/p>\n<h6>6 SEMANAS POR 73.500 BAHT (\u00b1 2.132 \u20ac \/ 2.534 $) *<\/h6>\n<p><strong>IMPORTANTE<\/strong>: los precios son v\u00e1lidos solo bajo reserva y pago anticipado.<\/p>\n<p>\u00bfQu\u00e9 incluyen los paquetes?:<\/p>\n<ul>\n<li>2 sesiones de entrenamiento diarias * (Ma\u00f1ana 7.00 a.m. &#8211; Tarde 3.00 p.m.)<\/li>\n<li>Alojamiento en una habitaci\u00f3n individual con vistas a la piscina, con un gran ventilador de techo (aire acondicionado opcional por 200 baht extra por d\u00eda)<\/li>\n<li>3 comidas diarias (la comida se sirve en un restaurante fuera del resort) * (Servimos comida tailandesa saludable, un men\u00fa especial para deportistas; <a href=\"https:\/\/7muaythai.com\/es\/la-comida-tailandesa-es-genial-pero-ten-cuidado-con-el-msg\/\">m\u00e1s informaci\u00f3n<\/a>)<\/li>\n<\/ul>\n<p><em><strong>* No hay entrenamiento y comida el domingo.<\/strong><\/em><\/p>\n<p><em>* Los precios en euros y d\u00f3lares estadounidenses son aproximados y est\u00e1n sujetos a cambios debido a la fluctuaci\u00f3n de la moneda.<\/em><\/p>\n<p><span style=\"font-size: 8pt;\">El precio sin reserva previa partir\u00e1 de los 2.000 baht por persona.<\/span><\/p>\n","protected":false},"excerpt":{"rendered":"<p>Paquete de 6 semanas ( 42 d\u00edas) todo incluido<\/p>\n","protected":false},"featured_media":9067,"template":"","meta":{"_seopress_robots_primary_cat":"none","_seopress_titles_title":"","_seopress_titles_desc":"","_seopress_robots_index":"","_joinchat":[]},"product_brand":[],"product_cat":[147],"product_tag":[],"class_list":{"0":"post-9642","1":"product","2":"type-product","3":"status-publish","4":"has-post-thumbnail","6":"product_cat-habitacion-individual","8":"first","9":"instock","10":"virtual","11":"purchasable","12":"product-type-simple"},"_links":{"self":[{"href":"https:\/\/7muaythai.com\/es\/wp-json\/wp\/v2\/product\/9642"}],"collection":[{"href":"https:\/\/7muaythai.com\/es\/wp-json\/wp\/v2\/product"}],"about":[{"href":"https:\/\/7muaythai.com\/es\/wp-json\/wp\/v2\/types\/product"}],"wp:featuredmedia":[{"embeddable":true,"href":"https:\/\/7muaythai.com\/es\/wp-json\/wp\/v2\/media\/9067"}],"wp:attachment":[{"href":"https:\/\/7muaythai.com\/es\/wp-json\/wp\/v2\/media?parent=9642"}],"wp:term":[{"taxonomy":"product_brand","embeddable":true,"href":"https:\/\/7muaythai.com\/es\/wp-json\/wp\/v2\/product_brand?post=9642"},{"taxonomy":"product_cat","embeddable":true,"href":"https:\/\/7muaythai.com\/es\/wp-json\/wp\/v2\/product_cat?post=9642"},{"taxonomy":"product_tag","embeddable":true,"href":"https:\/\/7muaythai.com\/es\/wp-json\/wp\/v2\/product_tag?post=9642"}],"curies":[{"name":"wp","href":"https:\/\/api.w.org\/{rel}","templated":true}]}}