{"id":9644,"date":"2020-08-28T10:34:55","date_gmt":"2020-08-28T08:34:55","guid":{"rendered":"https:\/\/7muaythai.com\/product\/tarjeta-de-socio-de-1-mes-solo-para-entrenamiento\/"},"modified":"2022-10-16T10:29:47","modified_gmt":"2022-10-16T08:29:47","slug":"tarjeta-de-socio-mensual-solo-entrenamiento","status":"publish","type":"product","link":"https:\/\/7muaythai.com\/es\/producto\/tarjeta-de-socio-mensual-solo-entrenamiento\/","title":{"rendered":"TARJETA DE SOCIO MENSUAL (SOLO ENTRENAMIENTO)"},"content":{"rendered":"<p>Esta tarjeta de socio es para estudiantes que solo buscan formaci\u00f3n y <strong>no alojamiento<\/strong>.<\/p>\n<p>Los titulares de la tarjeta\u00a0 pueden asistir a nuestras sesiones de entrenamiento de Muay Thai hasta dos veces al d\u00eda, excepto los domingos, durante el per\u00edodo que hayan elegido.<\/p>\n<ul>\n<li>\n<h6><span style=\"font-size: 14px;\"><strong>1 mes (4 semanas) 19.230 baht (\u00b1 566 \u20ac)<\/strong><\/span><\/h6>\n<\/li>\n<li>2 meses (8 semanas) 36.590 baht (\u00b1 1.076 \u20ac)<\/li>\n<li>3 meses (12 semanas) 51.150 baht (\u00b1 1.504 \u20ac)<\/li>\n<\/ul>\n<p><em>* Los precios en euros y d\u00f3lares estadounidenses son aproximados y est\u00e1n sujetos a cambios debido a la fluctuaci\u00f3n de la moneda.<\/em><\/p>\n","protected":false},"excerpt":{"rendered":"<p class=\"Cuerpo\"><span lang=\"ES-TRAD\">Tarjeta de socio de 1 mes &#8211; solo entrenamiento<\/span><\/p>\n","protected":false},"featured_media":7297,"template":"","meta":{"_seopress_robots_primary_cat":"none","_seopress_titles_title":"","_seopress_titles_desc":"","_seopress_robots_index":"","_joinchat":[]},"product_brand":[],"product_cat":[142],"product_tag":[],"class_list":{"0":"post-9644","1":"product","2":"type-product","3":"status-publish","4":"has-post-thumbnail","6":"product_cat-solo-entrenamiento","8":"first","9":"instock","10":"virtual","11":"purchasable","12":"product-type-simple"},"_links":{"self":[{"href":"https:\/\/7muaythai.com\/es\/wp-json\/wp\/v2\/product\/9644"}],"collection":[{"href":"https:\/\/7muaythai.com\/es\/wp-json\/wp\/v2\/product"}],"about":[{"href":"https:\/\/7muaythai.com\/es\/wp-json\/wp\/v2\/types\/product"}],"wp:featuredmedia":[{"embeddable":true,"href":"https:\/\/7muaythai.com\/es\/wp-json\/wp\/v2\/media\/7297"}],"wp:attachment":[{"href":"https:\/\/7muaythai.com\/es\/wp-json\/wp\/v2\/media?parent=9644"}],"wp:term":[{"taxonomy":"product_brand","embeddable":true,"href":"https:\/\/7muaythai.com\/es\/wp-json\/wp\/v2\/product_brand?post=9644"},{"taxonomy":"product_cat","embeddable":true,"href":"https:\/\/7muaythai.com\/es\/wp-json\/wp\/v2\/product_cat?post=9644"},{"taxonomy":"product_tag","embeddable":true,"href":"https:\/\/7muaythai.com\/es\/wp-json\/wp\/v2\/product_tag?post=9644"}],"curies":[{"name":"wp","href":"https:\/\/api.w.org\/{rel}","templated":true}]}}