{"id":9649,"date":"2020-08-28T10:40:14","date_gmt":"2020-08-28T08:40:14","guid":{"rendered":"https:\/\/7muaythai.com\/product\/paquete-de-clase-privada-muay-thai-4-horas-o-clase-privada-en-grupo\/"},"modified":"2021-08-25T19:33:48","modified_gmt":"2021-08-25T17:33:48","slug":"paquete-de-clase-privada-muay-thai-4-horas-o-clase-privada-en-grupo","status":"publish","type":"product","link":"https:\/\/7muaythai.com\/es\/producto\/paquete-de-clase-privada-muay-thai-4-horas-o-clase-privada-en-grupo\/","title":{"rendered":"PAQUETE DE CLASE PRIVADA MUAY THAI (4 HORAS O CLASE PRIVADA EN GRUPO)"},"content":{"rendered":"<p>Todas las sesiones privadas incluyen:<\/p>\n<ul>\n<li>Calentamiento<\/li>\n<li>Vendaje de manos<\/li>\n<li>Trabajo de paos con el entrenador<\/li>\n<li>Programa de entrenamiento de Muay Thai<\/li>\n<li>Estiramiento<\/li>\n<\/ul>\n<p>A los estudiantes que buscan mejorar una <strong>t\u00e9cnica determinada<\/strong> o un aspecto espec\u00edfico del Muay Thai, sugerimos informar al personal \/ la direcci\u00f3n con anticipaci\u00f3n para el conocimiento del entrenador con el fin de conseguir el objetivo.<\/p>\n<p>Esta promoci\u00f3n es v\u00e1lida para un entrenamiento de <strong>cuatro horas para una persona<\/strong> o para <strong>un grupo<\/strong> de no m\u00e1s de cuatro personas durante una hora.<\/p>\n<p>Nota: las clases incluidas en estas promociones solo est\u00e1n disponibles de lunes a s\u00e1bado y en determinados momentos del d\u00eda.<\/p>\n<p>Para m\u00e1s informaci\u00f3n, consulte el apartado de <a href=\"https:\/\/7muaythai.com\/training-requirements\/\">Requisitos<\/a> para el entrenamiento.<\/p>\n","protected":false},"excerpt":{"rendered":"<p>Paquete de clase privada de 4 horas (o clase grupal privada)<\/p>\n","protected":false},"featured_media":8941,"template":"","meta":{"_seopress_robots_primary_cat":"none","_seopress_titles_title":"","_seopress_titles_desc":"","_seopress_robots_index":"","_joinchat":[]},"product_brand":[],"product_cat":[143],"product_tag":[],"class_list":{"0":"post-9649","1":"product","2":"type-product","3":"status-publish","4":"has-post-thumbnail","6":"product_cat-clases-privadas","8":"first","9":"instock","10":"virtual","11":"purchasable","12":"product-type-simple"},"_links":{"self":[{"href":"https:\/\/7muaythai.com\/es\/wp-json\/wp\/v2\/product\/9649"}],"collection":[{"href":"https:\/\/7muaythai.com\/es\/wp-json\/wp\/v2\/product"}],"about":[{"href":"https:\/\/7muaythai.com\/es\/wp-json\/wp\/v2\/types\/product"}],"wp:featuredmedia":[{"embeddable":true,"href":"https:\/\/7muaythai.com\/es\/wp-json\/wp\/v2\/media\/8941"}],"wp:attachment":[{"href":"https:\/\/7muaythai.com\/es\/wp-json\/wp\/v2\/media?parent=9649"}],"wp:term":[{"taxonomy":"product_brand","embeddable":true,"href":"https:\/\/7muaythai.com\/es\/wp-json\/wp\/v2\/product_brand?post=9649"},{"taxonomy":"product_cat","embeddable":true,"href":"https:\/\/7muaythai.com\/es\/wp-json\/wp\/v2\/product_cat?post=9649"},{"taxonomy":"product_tag","embeddable":true,"href":"https:\/\/7muaythai.com\/es\/wp-json\/wp\/v2\/product_tag?post=9649"}],"curies":[{"name":"wp","href":"https:\/\/api.w.org\/{rel}","templated":true}]}}