{"id":6018,"date":"2020-12-07T07:37:35","date_gmt":"2020-12-07T06:37:35","guid":{"rendered":"https:\/\/7muaythai.com\/impara-la-muay-thai\/"},"modified":"2021-06-04T07:22:13","modified_gmt":"2021-06-04T05:22:13","slug":"impara-la-muay-thai","status":"publish","type":"page","link":"https:\/\/7muaythai.com\/it\/impara-la-muay-thai\/","title":{"rendered":"Impara la Muay Thai"},"content":{"rendered":"\t\t<div data-elementor-type=\"wp-page\" data-elementor-id=\"6018\" class=\"elementor elementor-6018 elementor-3374\">\n\t\t\t\t\t\t<section class=\"elementor-section elementor-top-section elementor-element elementor-element-1d700749 elementor-section-stretched elementor-section-full_width elementor-section-height-min-height scheme_7mt_dark elementor-section-height-default elementor-section-items-middle\" data-id=\"1d700749\" data-element_type=\"section\" data-e-type=\"section\" data-settings=\"{&quot;stretch_section&quot;:&quot;section-stretched&quot;,&quot;background_background&quot;:&quot;classic&quot;}\">\n\t\t\t\t\t\t\t<div class=\"elementor-background-overlay\"><\/div>\n\t\t\t\t\t\t\t<div class=\"elementor-container elementor-column-gap-no\">\n\t\t\t\t\t<div class=\"elementor-column elementor-col-100 elementor-top-column elementor-element elementor-element-3efc45e1 sc_inner_width_none sc_layouts_column_icons_position_left\" data-id=\"3efc45e1\" data-element_type=\"column\" data-e-type=\"column\">\n\t\t\t<div class=\"elementor-widget-wrap elementor-element-populated\">\n\t\t\t\t\t\t<div class=\"elementor-element elementor-element-1f9c7448 sc_fly_static elementor-widget elementor-widget-trx_sc_layouts_title\" data-id=\"1f9c7448\" data-element_type=\"widget\" data-e-type=\"widget\" data-widget_type=\"trx_sc_layouts_title.default\">\n\t\t\t\t<div class=\"elementor-widget-container\">\n\t\t\t\t\t<div id=\"trx_sc_layouts_title_147644152\" class=\"sc_layouts_title sc_align_center with_content without_image without_tint\"><div class=\"sc_layouts_title_content\"><div class=\"sc_layouts_title_title\">\t\t\t\t\t\t\t<h1 itemprop=\"headline\" class=\"sc_layouts_title_caption\">Impara la Muay Thai<\/h1>\n\t\t\t\t\t\t\t<\/div><div class=\"sc_layouts_title_breadcrumbs\"><div class=\"breadcrumbs\"><a class=\"breadcrumbs_item home\" href=\"https:\/\/7muaythai.com\/it\/\">Home<\/a><span class=\"breadcrumbs_delimiter\"><\/span><span class=\"breadcrumbs_item current\">Impara la Muay Thai<\/span><\/div><\/div><\/div><!-- .sc_layouts_title_content --><\/div><!-- \/.sc_layouts_title -->\t\t\t\t<\/div>\n\t\t\t\t<\/div>\n\t\t\t\t\t<\/div>\n\t\t<\/div>\n\t\t\t\t\t<\/div>\n\t\t<\/section>\n\t\t\t\t<section class=\"elementor-section elementor-top-section elementor-element elementor-element-60c5475 elementor-section-stretched elementor-section-boxed elementor-section-height-default elementor-section-height-default\" data-id=\"60c5475\" data-element_type=\"section\" data-e-type=\"section\" data-settings=\"{&quot;stretch_section&quot;:&quot;section-stretched&quot;}\">\n\t\t\t\t\t\t<div class=\"elementor-container elementor-column-gap-extended\">\n\t\t\t\t\t<div class=\"elementor-column elementor-col-100 elementor-top-column elementor-element elementor-element-6757dbe sc_inner_width_none sc_layouts_column_icons_position_left\" data-id=\"6757dbe\" data-element_type=\"column\" data-e-type=\"column\">\n\t\t\t<div class=\"elementor-widget-wrap elementor-element-populated\">\n\t\t\t\t\t\t<div class=\"elementor-element elementor-element-098f4c1 sc_fly_static elementor-widget elementor-widget-text-editor\" data-id=\"098f4c1\" data-element_type=\"widget\" data-e-type=\"widget\" data-widget_type=\"text-editor.default\">\n\t\t\t\t<div class=\"elementor-widget-container\">\n\t\t\t\t\t\t\t\t\t<p>La Muay Thai (o Boxe Thailandese) \u00e8 lo sport nazionale della Thailandia, che anno dopo anno cresce esponenzialmente a livello internazionale. Sempre pi\u00f9 gente sceglie questo sport per <strong>mantenersi in forma<\/strong>, altri per imparare e conoscere la grande arte che porta con s\u00e9 e ovviamente, i pi\u00f9 coraggiosi per scopo agonistico.<\/p><p>Molti nel mondo insegnano quest\u2019arte, infatti per ricevere il miglior insegnamento possibile bisogna <strong>affidarsi a veri esperti<\/strong> del settore, ovvero i Maestri Thailandesi (<em>in lingua Thailandese: Kru oppure Ajarn<\/em>).<\/p><p>La Muay Thai \u00e8 un arte centenaria che veniva inizialmente praticata dai guerrieri che difendevano il <strong>Regno del Siam<\/strong>. Oggi si \u00e8 divenuta uno degli sport da combattimento pi\u00f9 praticati e tuttora continua ad evolversi.<\/p><p>La Thailandia \u00e8 la <strong>meta numero uno<\/strong> per aspiranti combattenti che vogliono iniziare la loro carriera e per professionisti (<em>in lingua Tailandese: Nak Muay<\/em>) che voglio scalare le classifiche mondiali.<\/p><p>Mentre per i principianti, imparare la disciplina direttamente nel paese di origine \u00e8 molto pi\u00f9 semplice grazie alla facilit\u00e0 logistica (dormire e mangiare nel camp\/resort senza nessun bisogno di spostarsi) e alle condizioni climatiche, che rendono il tutto molto pi\u00f9 divertente., Infatti, gli allenamenti studiati proprio per i \u201cbeginners\u201d in accoppiata con il clima tropicale Thailandese, creano un&#8217; <strong>esperienza unica<\/strong> e irripetibile altrove.<\/p>\t\t\t\t\t\t\t\t<\/div>\n\t\t\t\t<\/div>\n\t\t\t\t<section class=\"elementor-section elementor-inner-section elementor-element elementor-element-d9df8f6 elementor-section-boxed elementor-section-height-default elementor-section-height-default\" data-id=\"d9df8f6\" data-element_type=\"section\" data-e-type=\"section\" data-settings=\"{&quot;animation&quot;:&quot;none&quot;}\">\n\t\t\t\t\t\t<div class=\"elementor-container elementor-column-gap-extended\">\n\t\t\t\t\t<div class=\"elementor-column elementor-col-100 elementor-inner-column elementor-element elementor-element-41d10e1 sc_inner_width_none sc_layouts_column_icons_position_left\" data-id=\"41d10e1\" data-element_type=\"column\" data-e-type=\"column\">\n\t\t\t<div class=\"elementor-widget-wrap elementor-element-populated\">\n\t\t\t\t\t\t<div class=\"elementor-element elementor-element-6a0c7cc gallery-spacing-custom animated-fast sc_layouts_hide_on_mobile sc_fly_static elementor-invisible elementor-widget elementor-widget-image-gallery\" data-id=\"6a0c7cc\" data-element_type=\"widget\" data-e-type=\"widget\" data-settings=\"{&quot;_animation&quot;:&quot;fadeIn&quot;}\" data-widget_type=\"image-gallery.default\">\n\t\t\t\t<div class=\"elementor-widget-container\">\n\t\t\t\t\t\t\t<div class=\"elementor-image-gallery\">\n\t\t\t<div id='gallery-1' class='gallery galleryid-6018 gallery-columns-3 gallery-size-rumble-thumb-med'><figure class='gallery-item'>\n\t\t\t<div class='gallery-icon landscape'>\n\t\t\t\t<a data-elementor-open-lightbox=\"yes\" data-elementor-lightbox-slideshow=\"6a0c7cc\" data-elementor-lightbox-title=\"muay thai trainer in thailand\" data-e-action-hash=\"#elementor-action%3Aaction%3Dlightbox%26settings%3DeyJpZCI6ODc0NSwidXJsIjoiaHR0cHM6XC9cLzdtdWF5dGhhaS5jb21cL3dwLWNvbnRlbnRcL3VwbG9hZHNcLzIwMjFcLzA0XC9tdWF5LXRoYWktdHJhaW5lci1pbi10aGFpbGFuZC5qcGciLCJzbGlkZXNob3ciOiI2YTBjN2NjIn0%3D\" href='https:\/\/7muaythai.com\/wp-content\/uploads\/2021\/04\/muay-thai-trainer-in-thailand.jpg'><img fetchpriority=\"high\" decoding=\"async\" width=\"406\" height=\"250\" src=\"https:\/\/7muaythai.com\/wp-content\/uploads\/2021\/04\/muay-thai-trainer-in-thailand-406x250.jpg\" class=\"attachment-rumble-thumb-med size-rumble-thumb-med\" alt=\"\" \/><\/a>\n\t\t\t<\/div><\/figure><figure class='gallery-item'>\n\t\t\t<div class='gallery-icon landscape'>\n\t\t\t\t<a data-elementor-open-lightbox=\"yes\" data-elementor-lightbox-slideshow=\"6a0c7cc\" data-elementor-lightbox-title=\"Learn Muay Thai in Thailand 7MT\" data-e-action-hash=\"#elementor-action%3Aaction%3Dlightbox%26settings%3DeyJpZCI6OTM2MSwidXJsIjoiaHR0cHM6XC9cLzdtdWF5dGhhaS5jb21cL3dwLWNvbnRlbnRcL3VwbG9hZHNcLzIwMjFcLzA2XC9MZWFybi1NdWF5LVRoYWktaW4tVGhhaWxhbmQtN01ULmpwZyIsInNsaWRlc2hvdyI6IjZhMGM3Y2MifQ%3D%3D\" href='https:\/\/7muaythai.com\/wp-content\/uploads\/2021\/06\/Learn-Muay-Thai-in-Thailand-7MT.jpg'><img decoding=\"async\" width=\"406\" height=\"250\" src=\"https:\/\/7muaythai.com\/wp-content\/uploads\/2021\/06\/Learn-Muay-Thai-in-Thailand-7MT-406x250.jpg\" class=\"attachment-rumble-thumb-med size-rumble-thumb-med\" alt=\"\" \/><\/a>\n\t\t\t<\/div><\/figure><figure class='gallery-item'>\n\t\t\t<div class='gallery-icon landscape'>\n\t\t\t\t<a data-elementor-open-lightbox=\"yes\" data-elementor-lightbox-slideshow=\"6a0c7cc\" data-elementor-lightbox-title=\"learn muay thai training in thailand\" data-e-action-hash=\"#elementor-action%3Aaction%3Dlightbox%26settings%3DeyJpZCI6OTQyNywidXJsIjoiaHR0cHM6XC9cLzdtdWF5dGhhaS5jb21cL3dwLWNvbnRlbnRcL3VwbG9hZHNcLzIwMjFcLzA2XC9sZWFybi1tdWF5LXRoYWktdHJhaW5pbmctaW4tdGhhaWxhbmQuanBnIiwic2xpZGVzaG93IjoiNmEwYzdjYyJ9\" href='https:\/\/7muaythai.com\/wp-content\/uploads\/2021\/06\/learn-muay-thai-training-in-thailand.jpg'><img decoding=\"async\" width=\"406\" height=\"250\" src=\"https:\/\/7muaythai.com\/wp-content\/uploads\/2021\/06\/learn-muay-thai-training-in-thailand-406x250.jpg\" class=\"attachment-rumble-thumb-med size-rumble-thumb-med\" alt=\"\" \/><\/a>\n\t\t\t<\/div><\/figure>\n\t\t<\/div>\n\t\t<\/div>\n\t\t\t\t\t\t<\/div>\n\t\t\t\t<\/div>\n\t\t\t\t<div class=\"elementor-element elementor-element-8a4c612 animated-fast sc_layouts_hide_on_wide sc_layouts_hide_on_desktop sc_layouts_hide_on_notebook sc_layouts_hide_on_tablet sc_fly_static elementor-invisible elementor-widget elementor-widget-image-gallery\" data-id=\"8a4c612\" data-element_type=\"widget\" data-e-type=\"widget\" data-settings=\"{&quot;_animation&quot;:&quot;fadeIn&quot;}\" data-widget_type=\"image-gallery.default\">\n\t\t\t\t<div class=\"elementor-widget-container\">\n\t\t\t\t\t\t\t<div class=\"elementor-image-gallery\">\n\t\t\t<div id='gallery-2' class='gallery galleryid-6018 gallery-columns-1 gallery-size-rumble-thumb-med'><figure class='gallery-item'>\n\t\t\t<div class='gallery-icon landscape'>\n\t\t\t\t<a data-elementor-open-lightbox=\"yes\" data-elementor-lightbox-slideshow=\"8a4c612\" data-elementor-lightbox-title=\"muay thai trainer in thailand\" data-e-action-hash=\"#elementor-action%3Aaction%3Dlightbox%26settings%3DeyJpZCI6ODc0NSwidXJsIjoiaHR0cHM6XC9cLzdtdWF5dGhhaS5jb21cL3dwLWNvbnRlbnRcL3VwbG9hZHNcLzIwMjFcLzA0XC9tdWF5LXRoYWktdHJhaW5lci1pbi10aGFpbGFuZC5qcGciLCJzbGlkZXNob3ciOiI4YTRjNjEyIn0%3D\" href='https:\/\/7muaythai.com\/wp-content\/uploads\/2021\/04\/muay-thai-trainer-in-thailand.jpg'><img fetchpriority=\"high\" decoding=\"async\" width=\"406\" height=\"250\" src=\"https:\/\/7muaythai.com\/wp-content\/uploads\/2021\/04\/muay-thai-trainer-in-thailand-406x250.jpg\" class=\"attachment-rumble-thumb-med size-rumble-thumb-med\" alt=\"\" \/><\/a>\n\t\t\t<\/div><\/figure><figure class='gallery-item'>\n\t\t\t<div class='gallery-icon landscape'>\n\t\t\t\t<a data-elementor-open-lightbox=\"yes\" data-elementor-lightbox-slideshow=\"8a4c612\" data-elementor-lightbox-title=\"Learn Muay Thai in Thailand 7MT\" data-e-action-hash=\"#elementor-action%3Aaction%3Dlightbox%26settings%3DeyJpZCI6OTM2MSwidXJsIjoiaHR0cHM6XC9cLzdtdWF5dGhhaS5jb21cL3dwLWNvbnRlbnRcL3VwbG9hZHNcLzIwMjFcLzA2XC9MZWFybi1NdWF5LVRoYWktaW4tVGhhaWxhbmQtN01ULmpwZyIsInNsaWRlc2hvdyI6IjhhNGM2MTIifQ%3D%3D\" href='https:\/\/7muaythai.com\/wp-content\/uploads\/2021\/06\/Learn-Muay-Thai-in-Thailand-7MT.jpg'><img decoding=\"async\" width=\"406\" height=\"250\" src=\"https:\/\/7muaythai.com\/wp-content\/uploads\/2021\/06\/Learn-Muay-Thai-in-Thailand-7MT-406x250.jpg\" class=\"attachment-rumble-thumb-med size-rumble-thumb-med\" alt=\"\" \/><\/a>\n\t\t\t<\/div><\/figure><figure class='gallery-item'>\n\t\t\t<div class='gallery-icon landscape'>\n\t\t\t\t<a data-elementor-open-lightbox=\"yes\" data-elementor-lightbox-slideshow=\"8a4c612\" data-elementor-lightbox-title=\"learn muay thai training in thailand\" data-e-action-hash=\"#elementor-action%3Aaction%3Dlightbox%26settings%3DeyJpZCI6OTQyNywidXJsIjoiaHR0cHM6XC9cLzdtdWF5dGhhaS5jb21cL3dwLWNvbnRlbnRcL3VwbG9hZHNcLzIwMjFcLzA2XC9sZWFybi1tdWF5LXRoYWktdHJhaW5pbmctaW4tdGhhaWxhbmQuanBnIiwic2xpZGVzaG93IjoiOGE0YzYxMiJ9\" href='https:\/\/7muaythai.com\/wp-content\/uploads\/2021\/06\/learn-muay-thai-training-in-thailand.jpg'><img decoding=\"async\" width=\"406\" height=\"250\" src=\"https:\/\/7muaythai.com\/wp-content\/uploads\/2021\/06\/learn-muay-thai-training-in-thailand-406x250.jpg\" class=\"attachment-rumble-thumb-med size-rumble-thumb-med\" alt=\"\" \/><\/a>\n\t\t\t<\/div><\/figure>\n\t\t<\/div>\n\t\t<\/div>\n\t\t\t\t\t\t<\/div>\n\t\t\t\t<\/div>\n\t\t\t\t\t<\/div>\n\t\t<\/div>\n\t\t\t\t\t<\/div>\n\t\t<\/section>\n\t\t\t\t<div class=\"elementor-element elementor-element-e8254af sc_fly_static elementor-widget elementor-widget-text-editor\" data-id=\"e8254af\" data-element_type=\"widget\" data-e-type=\"widget\" data-widget_type=\"text-editor.default\">\n\t\t\t\t<div class=\"elementor-widget-container\">\n\t\t\t\t\t\t\t\t\t<p>La Muay Thai al giorno d\u2019oggi \u00e8 uno <strong>sport per tutti<\/strong>, infatti, in qualsiasi palestra o campo di allenamento si trovano donne e uomini di tutte le et\u00e0, che si allenano insieme e che condividono un amore comune per questa antica arte.<\/p><p>La Boxe Thailandese sta diventando una delle<strong> attivit\u00e0 pi\u00f9 scelte da donne<\/strong> che desiderano rimettersi in forma o mantenere la linea. L&#8217;allenamento completo e il costante caldo sono la combinazione perfetta per tonificare i muscoli di tutto il corpo. Dall&#8217;altro lato, il sole, la piscina e il mare a pochi minuti <strong>garantiscono di godersi a pieno la vacanza.<\/strong><\/p><p>I <strong>bambini e ragazz<\/strong>i giovani imparano un\u2019arte di difesa personale e riscontrano una <strong>crescita mentale<\/strong> degna di nota, grazie a un insegnamento basato sulla <strong>disciplina e il rispetto<\/strong>. Valori chiave della filosofia Thailandese e della Muay Thai.<\/p><p>Insomma, un esperienza da vivere e che pu\u00f2 essere vissuta al meglio solo in Thailandia. Il 7 Muay Thai Gym di Rayong \u00e8 l\u2019unico camp in Thailandia che offre<strong> il comfort e il servizio di un vero e proprio resort.<\/strong><\/p>\t\t\t\t\t\t\t\t<\/div>\n\t\t\t\t<\/div>\n\t\t\t\t<div class=\"elementor-element elementor-element-4a74841 sc_fly_static elementor-widget elementor-widget-trx_sc_button\" data-id=\"4a74841\" data-element_type=\"widget\" data-e-type=\"widget\" data-widget_type=\"trx_sc_button.default\">\n\t\t\t\t<div class=\"elementor-widget-container\">\n\t\t\t\t\t<div id=\"trx_sc_button_93712336\"\tclass=\"sc_item_button sc_button_wrap\"><a href=\"http:\/\/thailand-muaythai.com\/\" class=\"sc_button sc_button_default sc_button_size_normal sc_button_icon_left\" target=\"_blank\"><span class=\"sc_button_text\"><span class=\"sc_button_title\">Scopri di pi\u00f9 sulla muay thai<\/span><\/span><!-- \/.sc_button_text --><\/a><!-- \/.sc_button --><\/div><!-- \/.sc_item_button -->\t\t\t\t<\/div>\n\t\t\t\t<\/div>\n\t\t\t\t\t<\/div>\n\t\t<\/div>\n\t\t\t\t\t<\/div>\n\t\t<\/section>\n\t\t\t\t<\/div>\n\t\t","protected":false},"excerpt":{"rendered":"<p>Impara la Muay Thai HomeImpara la Muay Thai La Muay Thai (o Boxe Thailandese) \u00e8 lo sport nazionale della Thailandia, che anno dopo&hellip;<\/p>\n","protected":false},"author":990002,"featured_media":0,"parent":0,"menu_order":0,"comment_status":"closed","ping_status":"closed","template":"","meta":{"_seopress_robots_primary_cat":"","_seopress_titles_title":"","_seopress_titles_desc":"","_seopress_robots_index":"","_joinchat":[],"footnotes":""},"class_list":["post-6018","page","type-page","status-publish","hentry"],"_links":{"self":[{"href":"https:\/\/7muaythai.com\/it\/wp-json\/wp\/v2\/pages\/6018"}],"collection":[{"href":"https:\/\/7muaythai.com\/it\/wp-json\/wp\/v2\/pages"}],"about":[{"href":"https:\/\/7muaythai.com\/it\/wp-json\/wp\/v2\/types\/page"}],"author":[{"embeddable":true,"href":"https:\/\/7muaythai.com\/it\/wp-json\/wp\/v2\/users\/990002"}],"replies":[{"embeddable":true,"href":"https:\/\/7muaythai.com\/it\/wp-json\/wp\/v2\/comments?post=6018"}],"version-history":[{"count":26,"href":"https:\/\/7muaythai.com\/it\/wp-json\/wp\/v2\/pages\/6018\/revisions"}],"predecessor-version":[{"id":9454,"href":"https:\/\/7muaythai.com\/it\/wp-json\/wp\/v2\/pages\/6018\/revisions\/9454"}],"wp:attachment":[{"href":"https:\/\/7muaythai.com\/it\/wp-json\/wp\/v2\/media?parent=6018"}],"curies":[{"name":"wp","href":"https:\/\/api.w.org\/{rel}","templated":true}]}}