{"id":10094,"date":"2022-04-13T08:03:35","date_gmt":"2022-04-13T06:03:35","guid":{"rendered":"https:\/\/7muaythai.com\/product\/esperienza-completa-thailandia-muay-thai\/"},"modified":"2023-07-27T06:54:41","modified_gmt":"2023-07-27T04:54:41","slug":"vacanza-thai","status":"publish","type":"product","link":"https:\/\/7muaythai.com\/it\/prodotto\/vacanza-thai\/","title":{"rendered":"Vacanza Thai | 2 settimane"},"content":{"rendered":"<p>Se stai pianificando la tua vacanza Thai e cerchi un equilibrio tra all&#8217;allenamento di Muay Thai e un esperienza Thailandese completa, ti diamo la possibilit\u00e0 di goderti le <strong>attivit\u00e0 pi\u00f9 in voga<\/strong> della terra del sorriso.<\/p>\n<p>&nbsp;<\/p>\n<h6>14 giorni in stanza singola (all inclusive) 24.500 baht (\u00b1 711 \u20ac \/ 845 $)*<\/h6>\n<p>Tutte le camere possono essere utilizzate come <strong>doppie\/matrimoniali<\/strong>, in questo caso applichiamo uno sconto e il prezzo diventa <strong>21.000 baht<\/strong> (\u00b1 609 \u20ac \/ 724 $)*\u00a0a persona.<\/p>\n<p><strong>IMPORTANTE<\/strong>: i prezzi sono validi solo con pagamento anticipato al momento della prenotazione.<\/p>\n<p>Che cosa include questo pacchetto:<\/p>\n<ul>\n<li style=\"list-style-type: none;\">\n<ul style=\"list-style-type: circle;\">\n<li>2 sessioni giornaliere di allenamento <strong>* (mattina 7:00 AM \u2013 pomeriggio 3:00 PM)<\/strong><\/li>\n<li>Alloggiamento in <strong>camera singola<\/strong>\u00a0vista piscina con ventilatore a soffitto (aria condizionata disponibile con un extra di 185\u20ac)<\/li>\n<li><strong>3 pasti<\/strong> giornalieri (il cibo \u00e8 servito in un ristorante fuori dal resort) *<br \/>\n(Cibo Thailandese in stile salutare, con un men\u00f9 studiato per atleti &#8211; <a href=\"https:\/\/7muaythai.com\/it\/ottimo-il-thai-food-ma-attenzione-allingrediente-segreto\/\">scopri di pi\u00f9<\/a>)<\/li>\n<li><strong>Uso della piscina<\/strong> e di tutte le strutture del resort. Siamo a 1 km da una spiaggia bellissima e molto tranquilla.<\/li>\n<\/ul>\n<\/li>\n<\/ul>\n<p><strong>* La domenica non si svolgono sessioni di allenamento e non vengono serviti pasti<\/strong><\/p>\n<p><span style=\"font-size: 14pt;\">Durante la tua permanenza al camp, dove migliorerai tutti gli aspetti della Muay Thai, in completa sicurezza e serenit\u00e0 mentale, potrai scegliere tra qualsiasi di queste attivit\u00e0\/escursioni, che verranno organizzate dal nostro staff (<strong>a partire da 100 \u20ac<\/strong><\/span>).<\/p>\n<p><span style=\"font-size: 14pt;\"><span style=\"font-size: 12pt;\">Ecco alcuni esempi<\/span>:<\/span><\/p>\n<ul>\n<li><span style=\"font-size: 12pt;\"><strong> Santuario degli elefanti<\/strong>: un&#8217;esperienza vera con rispetto verso gli animali e la natura.<\/span><\/li>\n<li><span style=\"font-size: 12pt;\"><strong>Shopping e Vita notturna<\/strong> nella localit\u00e0 turistica di Pattaya<\/span><\/li>\n<li><span style=\"font-size: 12pt;\"><strong>Parco Nazionale Khao Chamao (cascate):<\/strong>\u00a0esperienza unica, seppure sicura, nella giungla Tailandese, con una serie di cascate e piscine naturali spettacolari, dove nuotare in armonia con i pesci.<\/span><\/li>\n<li><span style=\"font-size: 12pt;\"><strong>Gita in barca<\/strong> verso le isole piu belle del Golfo di Thailandia: Koh Samet, Koh Talu, Koh Man Nok e molte altre.<\/span><\/li>\n<li><span style=\"font-size: 12pt;\"><strong>Assisti ad un evento di Muay Thai<\/strong> negli stadi principali di Bangkok: Lumpinee e Rajadamnern<\/span><\/li>\n<\/ul>\n<p><em>* Prezzo in Euro e Dollari US indicativo e soggetto a modifiche in base al cambio valuta<\/em><\/p>\n<p><em style=\"font-size: 11.2px;\">Per chi arriva senza prenotazione il prezzo parte da 2.000 baht al giorno<\/em><\/p>\n<p>&nbsp;<\/p>\n<p>&nbsp;<\/p>\n<p>&nbsp;<\/p>\n<p>&nbsp;<\/p>\n<p>&nbsp;<\/p>\n<p>&nbsp;<\/p>\n","protected":false},"excerpt":{"rendered":"<p>2 settimane in stanza singola + escursioni a scelta<\/p>\n<p>&nbsp;<\/p>\n","protected":false},"featured_media":10062,"template":"","meta":{"_seopress_robots_primary_cat":"none","_seopress_titles_title":"","_seopress_titles_desc":"","_seopress_robots_index":"","_joinchat":[]},"product_brand":[],"product_cat":[135,130],"product_tag":[],"class_list":{"0":"post-10094","1":"product","2":"type-product","3":"status-publish","4":"has-post-thumbnail","6":"product_cat-camera-singola","7":"product_cat-camera-doppia","9":"first","10":"instock","11":"shipping-taxable","12":"purchasable","13":"product-type-simple"},"_links":{"self":[{"href":"https:\/\/7muaythai.com\/it\/wp-json\/wp\/v2\/product\/10094"}],"collection":[{"href":"https:\/\/7muaythai.com\/it\/wp-json\/wp\/v2\/product"}],"about":[{"href":"https:\/\/7muaythai.com\/it\/wp-json\/wp\/v2\/types\/product"}],"wp:featuredmedia":[{"embeddable":true,"href":"https:\/\/7muaythai.com\/it\/wp-json\/wp\/v2\/media\/10062"}],"wp:attachment":[{"href":"https:\/\/7muaythai.com\/it\/wp-json\/wp\/v2\/media?parent=10094"}],"wp:term":[{"taxonomy":"product_brand","embeddable":true,"href":"https:\/\/7muaythai.com\/it\/wp-json\/wp\/v2\/product_brand?post=10094"},{"taxonomy":"product_cat","embeddable":true,"href":"https:\/\/7muaythai.com\/it\/wp-json\/wp\/v2\/product_cat?post=10094"},{"taxonomy":"product_tag","embeddable":true,"href":"https:\/\/7muaythai.com\/it\/wp-json\/wp\/v2\/product_tag?post=10094"}],"curies":[{"name":"wp","href":"https:\/\/api.w.org\/{rel}","templated":true}]}}